{"id":9615,"date":"2026-04-15T16:08:09","date_gmt":"2026-04-15T14:08:09","guid":{"rendered":"https:\/\/openspaceconsulting.com\/?page_id=9615"},"modified":"2026-04-15T16:10:25","modified_gmt":"2026-04-15T14:10:25","slug":"remote-learning-programmes","status":"publish","type":"page","link":"https:\/\/openspaceconsulting.com\/en\/services\/trainings\/remote-learning-programmes\/","title":{"rendered":"Remote learning programmes"},"content":{"rendered":"<p data-start=\"210\" data-end=\"293\">Develop your capacity for meaningful leadership and collaboration\u2014wherever you are.<\/p>\n<p data-start=\"295\" data-end=\"456\">As part of our service offering, we provide remote learning programmes designed to support the growth of sustainable leadership and co-creation in organisations.<\/p>\n<p data-start=\"458\" data-end=\"642\">Each programme blends self-paced learning with live interaction and reflection\u2014creating a practical, engaging learning journey that can be done individually or together with your team.<\/p>\n<h3 data-start=\"649\" data-end=\"669\"><span role=\"text\"><strong data-start=\"652\" data-end=\"669\">What you gain<\/strong><\/span><\/h3>\n<p data-start=\"671\" data-end=\"811\">Our programmes are carefully designed to support both insight and real-world application. Each programme includes a tailored combination of:<\/p>\n<h4 data-start=\"813\" data-end=\"992\"><strong data-start=\"813\" data-end=\"836\">Self-paced learning<\/strong><\/h4>\n<p data-start=\"813\" data-end=\"992\">Engaging video and written materials that you can explore at your own pace.<\/p>\n<h4 data-start=\"994\" data-end=\"1143\"><strong data-start=\"994\" data-end=\"1037\">Workbook for reflection and application<\/strong><\/h4>\n<p data-start=\"994\" data-end=\"1143\">A practical workbook to help you integrate your learning.<\/p>\n<h4 data-start=\"1145\" data-end=\"1313\"><strong data-start=\"1145\" data-end=\"1176\">Live sessions and workshops<\/strong><\/h4>\n<p data-start=\"1145\" data-end=\"1313\">Online and\/or in-person sessions with Thomas, designed to deepen understanding and connect learning to practice.<br data-start=\"1291\" data-end=\"1294\" \/>Typically includes:<\/p>\n<ul data-start=\"1315\" data-end=\"1480\">\n<li data-start=\"1315\" data-end=\"1356\">a kick-off session to get you started<\/li>\n<li data-start=\"1357\" data-end=\"1412\">a 3-hour interactive workshop (individual or group)<\/li>\n<li data-start=\"1413\" data-end=\"1480\">a follow-up coaching session (1 hour) to support implementation<\/li>\n<\/ul>\n<h4 data-start=\"1482\" data-end=\"1666\"><strong data-start=\"1482\" data-end=\"1525\">Ongoing support throughout your journey<\/strong><\/h4>\n<p data-start=\"1482\" data-end=\"1666\">A dedicated communication channel (e.g. WhatsApp) where you can ask questions, share reflections, and stay connected during the programme.<\/p>\n<h4 data-start=\"1668\" data-end=\"1858\"><strong data-start=\"1668\" data-end=\"1704\">Learn by observing real practice<\/strong><\/h4>\n<p data-start=\"1668\" data-end=\"1858\">Opportunity to join as an observer in both online and if possible in-person meetings\u2014offering valuable insight into how the methods are applied in real situations.<\/p>\n<h4 data-start=\"1860\" data-end=\"2066\"><strong data-start=\"1860\" data-end=\"1899\">Mentoring circles for continued growth<\/strong><\/h4>\n<p data-start=\"1860\" data-end=\"2066\">In collaboration with the Genuine Contact organization, you are invited to join an annual online mentor circle\u2014supporting deeper learning and long-term development.<\/p>\n<h4 data-start=\"2068\" data-end=\"2229\"><strong data-start=\"2068\" data-end=\"2103\">A shared digital learning space<\/strong><\/h4>\n<p data-start=\"2068\" data-end=\"2229\">Access to our Google group where participants connect, collaborate, and continue learning together in everyday practice.<\/p>\n<h3 data-start=\"2236\" data-end=\"2272\"><span role=\"text\"><strong data-start=\"2239\" data-end=\"2272\">Our remote learning programmes<\/strong><\/span><\/h3>\n<p data-start=\"2274\" data-end=\"2367\">We currently offer the following programmes. Each can also be adapted to your specific needs:<\/p>\n<ul data-start=\"2369\" data-end=\"2567\">\n<li data-start=\"2369\" data-end=\"2407\">Working with Open Space Technology<\/li>\n<li data-start=\"2408\" data-end=\"2445\">Whole Person Process Facilitation<\/li>\n<li data-start=\"2446\" data-end=\"2495\">A path to health and balance in organisations<\/li>\n<li data-start=\"2496\" data-end=\"2567\">Achieving health and balance in organisations \u2013 diagnosis &amp; renewal<\/li>\n<\/ul>\n<h3 data-start=\"2574\" data-end=\"2609\"><span role=\"text\"><strong data-start=\"2577\" data-end=\"2609\">Ready to take the next step?<\/strong><\/span><\/h3>\n<p data-start=\"2611\" data-end=\"2702\">Whether you are exploring for yourself or for your organisation, we are happy to guide you.<\/p>\n<p data-start=\"2704\" data-end=\"2820\">Contact <a href=\"mailto:thomas@openspaceconsulting.com\">Thomas<\/a> for more information, registration, or a conversation about what would create the most value for you.<\/p>\n<p data-start=\"2822\" data-end=\"2961\">We also design tailored programmes to meet the specific needs of organisations.<br data-start=\"2901\" data-end=\"2904\" \/>Reach out to discuss your context and request a proposal.<\/p>\n","protected":false},"excerpt":{"rendered":"<p>Develop your capacity for meaningful leadership and collaboration\u2014wherever you are. As part of our service offering, we provide remote learning programmes designed to support the growth of sustainable leadership and co-creation in organisations. Each programme blends self-paced learning with live interaction and reflection\u2014creating a practical, engaging learning journey that can be done individually or together [&hellip;]<\/p>\n","protected":false},"author":2,"featured_media":0,"parent":7249,"menu_order":0,"comment_status":"closed","ping_status":"closed","template":"","meta":{"_acf_changed":false,"_genesis_hide_title":false,"_genesis_hide_breadcrumbs":false,"_genesis_hide_singular_image":false,"_genesis_hide_footer_widgets":false,"_genesis_custom_body_class":"","_genesis_custom_post_class":"","_genesis_layout":"","jetpack_post_was_ever_published":false,"footnotes":"","_links_to":"","_links_to_target":""},"class_list":{"0":"post-9615","1":"page","2":"type-page","3":"status-publish","5":"entry","6":"has-post-thumbnail"},"acf":[],"yoast_head":"<!-- This site is optimized with the Yoast SEO plugin v25.1 - https:\/\/yoast.com\/wordpress\/plugins\/seo\/ -->\n<title>Remote learning programmes - Open Space Consulting<\/title>\n<meta name=\"description\" content=\"Develop your capacity for meaningful leadership and collaboration\u2014wherever you are. As part of our service offering, we provide remote learning programmes [...]\" \/>\n<meta name=\"robots\" content=\"index, follow, max-snippet:-1, max-image-preview:large, max-video-preview:-1\" \/>\n<link rel=\"canonical\" href=\"https:\/\/openspaceconsulting.com\/en\/services\/trainings\/remote-learning-programmes\/\" \/>\n<meta property=\"og:locale\" content=\"en_US\" \/>\n<meta property=\"og:type\" content=\"article\" \/>\n<meta property=\"og:title\" content=\"Remote learning programmes - Open Space Consulting\" \/>\n<meta property=\"og:description\" content=\"Develop your capacity for meaningful leadership and collaboration\u2014wherever you are. As part of our service offering, we provide remote learning programmes [...]\" \/>\n<meta property=\"og:url\" content=\"https:\/\/openspaceconsulting.com\/en\/services\/trainings\/remote-learning-programmes\/\" \/>\n<meta property=\"og:site_name\" content=\"Open Space Consulting\" \/>\n<meta property=\"article:publisher\" content=\"https:\/\/www.facebook.com\/OpenSpaceConsulting\/\" \/>\n<meta property=\"article:modified_time\" content=\"2026-04-15T14:10:25+00:00\" \/>\n<meta property=\"og:image\" content=\"https:\/\/openspaceconsulting.com\/wp-content\/uploads\/2018\/07\/logga-284px.png\" \/>\n\t<meta property=\"og:image:width\" content=\"284\" \/>\n\t<meta property=\"og:image:height\" content=\"284\" \/>\n\t<meta property=\"og:image:type\" content=\"image\/png\" \/>\n<meta name=\"twitter:card\" content=\"summary_large_image\" \/>\n<meta name=\"twitter:site\" content=\"@thomasherr\" \/>\n<meta name=\"twitter:label1\" content=\"Est. reading time\" \/>\n\t<meta name=\"twitter:data1\" content=\"2 minutes\" \/>\n<script type=\"application\/ld+json\" class=\"yoast-schema-graph\">{\"@context\":\"https:\/\/schema.org\",\"@graph\":[{\"@type\":\"WebPage\",\"@id\":\"https:\/\/openspaceconsulting.com\/en\/services\/trainings\/remote-learning-programmes\/\",\"url\":\"https:\/\/openspaceconsulting.com\/en\/services\/trainings\/remote-learning-programmes\/\",\"name\":\"Remote learning programmes - Open Space Consulting\",\"isPartOf\":{\"@id\":\"https:\/\/openspaceconsulting.com\/#website\"},\"datePublished\":\"2026-04-15T14:08:09+00:00\",\"dateModified\":\"2026-04-15T14:10:25+00:00\",\"description\":\"Develop your capacity for meaningful leadership and collaboration\u2014wherever you are. As part of our service offering, we provide remote learning programmes [...]\",\"breadcrumb\":{\"@id\":\"https:\/\/openspaceconsulting.com\/en\/services\/trainings\/remote-learning-programmes\/#breadcrumb\"},\"inLanguage\":\"en-US\",\"potentialAction\":[{\"@type\":\"ReadAction\",\"target\":[\"https:\/\/openspaceconsulting.com\/en\/services\/trainings\/remote-learning-programmes\/\"]}]},{\"@type\":\"BreadcrumbList\",\"@id\":\"https:\/\/openspaceconsulting.com\/en\/services\/trainings\/remote-learning-programmes\/#breadcrumb\",\"itemListElement\":[{\"@type\":\"ListItem\",\"position\":1,\"name\":\"Home\",\"item\":\"https:\/\/openspaceconsulting.com\/\"},{\"@type\":\"ListItem\",\"position\":2,\"name\":\"Our services\",\"item\":\"https:\/\/openspaceconsulting.com\/en\/services\/\"},{\"@type\":\"ListItem\",\"position\":3,\"name\":\"Trainings\",\"item\":\"https:\/\/openspaceconsulting.com\/en\/services\/trainings\/\"},{\"@type\":\"ListItem\",\"position\":4,\"name\":\"Remote learning programmes\"}]},{\"@type\":\"WebSite\",\"@id\":\"https:\/\/openspaceconsulting.com\/#website\",\"url\":\"https:\/\/openspaceconsulting.com\/\",\"name\":\"Open Space Consulting\",\"description\":\"Open Space Consulting frig\u00f6r livskraft i m\u00e4nniska, organisation &amp; samh\u00e4lle\",\"publisher\":{\"@id\":\"https:\/\/openspaceconsulting.com\/#organization\"},\"potentialAction\":[{\"@type\":\"SearchAction\",\"target\":{\"@type\":\"EntryPoint\",\"urlTemplate\":\"https:\/\/openspaceconsulting.com\/?s={search_term_string}\"},\"query-input\":{\"@type\":\"PropertyValueSpecification\",\"valueRequired\":true,\"valueName\":\"search_term_string\"}}],\"inLanguage\":\"en-US\"},{\"@type\":\"Organization\",\"@id\":\"https:\/\/openspaceconsulting.com\/#organization\",\"name\":\"Open Space Consulting AB\",\"url\":\"https:\/\/openspaceconsulting.com\/\",\"logo\":{\"@type\":\"ImageObject\",\"inLanguage\":\"en-US\",\"@id\":\"https:\/\/openspaceconsulting.com\/#\/schema\/logo\/image\/\",\"url\":\"https:\/\/openspaceconsulting.com\/wp-content\/uploads\/2020\/02\/logga-284px.png\",\"contentUrl\":\"https:\/\/openspaceconsulting.com\/wp-content\/uploads\/2020\/02\/logga-284px.png\",\"width\":284,\"height\":284,\"caption\":\"Open Space Consulting AB\"},\"image\":{\"@id\":\"https:\/\/openspaceconsulting.com\/#\/schema\/logo\/image\/\"},\"sameAs\":[\"https:\/\/www.facebook.com\/OpenSpaceConsulting\/\",\"https:\/\/x.com\/thomasherr\",\"https:\/\/www.linkedin.com\/in\/thomasherrmannopenspaceconsult\/\",\"https:\/\/www.youtube.com\/channel\/UCmLV1KM01JiGOp6I9qk7d3g\"]}]}<\/script>\n<!-- \/ Yoast SEO plugin. -->","yoast_head_json":{"title":"Remote learning programmes - Open Space Consulting","description":"Develop your capacity for meaningful leadership and collaboration\u2014wherever you are. As part of our service offering, we provide remote learning programmes [...]","robots":{"index":"index","follow":"follow","max-snippet":"max-snippet:-1","max-image-preview":"max-image-preview:large","max-video-preview":"max-video-preview:-1"},"canonical":"https:\/\/openspaceconsulting.com\/en\/services\/trainings\/remote-learning-programmes\/","og_locale":"en_US","og_type":"article","og_title":"Remote learning programmes - Open Space Consulting","og_description":"Develop your capacity for meaningful leadership and collaboration\u2014wherever you are. As part of our service offering, we provide remote learning programmes [...]","og_url":"https:\/\/openspaceconsulting.com\/en\/services\/trainings\/remote-learning-programmes\/","og_site_name":"Open Space Consulting","article_publisher":"https:\/\/www.facebook.com\/OpenSpaceConsulting\/","article_modified_time":"2026-04-15T14:10:25+00:00","og_image":[{"width":284,"height":284,"url":"https:\/\/openspaceconsulting.com\/wp-content\/uploads\/2018\/07\/logga-284px.png","type":"image\/png"}],"twitter_card":"summary_large_image","twitter_site":"@thomasherr","twitter_misc":{"Est. reading time":"2 minutes"},"schema":{"@context":"https:\/\/schema.org","@graph":[{"@type":"WebPage","@id":"https:\/\/openspaceconsulting.com\/en\/services\/trainings\/remote-learning-programmes\/","url":"https:\/\/openspaceconsulting.com\/en\/services\/trainings\/remote-learning-programmes\/","name":"Remote learning programmes - Open Space Consulting","isPartOf":{"@id":"https:\/\/openspaceconsulting.com\/#website"},"datePublished":"2026-04-15T14:08:09+00:00","dateModified":"2026-04-15T14:10:25+00:00","description":"Develop your capacity for meaningful leadership and collaboration\u2014wherever you are. As part of our service offering, we provide remote learning programmes [...]","breadcrumb":{"@id":"https:\/\/openspaceconsulting.com\/en\/services\/trainings\/remote-learning-programmes\/#breadcrumb"},"inLanguage":"en-US","potentialAction":[{"@type":"ReadAction","target":["https:\/\/openspaceconsulting.com\/en\/services\/trainings\/remote-learning-programmes\/"]}]},{"@type":"BreadcrumbList","@id":"https:\/\/openspaceconsulting.com\/en\/services\/trainings\/remote-learning-programmes\/#breadcrumb","itemListElement":[{"@type":"ListItem","position":1,"name":"Home","item":"https:\/\/openspaceconsulting.com\/"},{"@type":"ListItem","position":2,"name":"Our services","item":"https:\/\/openspaceconsulting.com\/en\/services\/"},{"@type":"ListItem","position":3,"name":"Trainings","item":"https:\/\/openspaceconsulting.com\/en\/services\/trainings\/"},{"@type":"ListItem","position":4,"name":"Remote learning programmes"}]},{"@type":"WebSite","@id":"https:\/\/openspaceconsulting.com\/#website","url":"https:\/\/openspaceconsulting.com\/","name":"Open Space Consulting","description":"Open Space Consulting frig\u00f6r livskraft i m\u00e4nniska, organisation &amp; samh\u00e4lle","publisher":{"@id":"https:\/\/openspaceconsulting.com\/#organization"},"potentialAction":[{"@type":"SearchAction","target":{"@type":"EntryPoint","urlTemplate":"https:\/\/openspaceconsulting.com\/?s={search_term_string}"},"query-input":{"@type":"PropertyValueSpecification","valueRequired":true,"valueName":"search_term_string"}}],"inLanguage":"en-US"},{"@type":"Organization","@id":"https:\/\/openspaceconsulting.com\/#organization","name":"Open Space Consulting AB","url":"https:\/\/openspaceconsulting.com\/","logo":{"@type":"ImageObject","inLanguage":"en-US","@id":"https:\/\/openspaceconsulting.com\/#\/schema\/logo\/image\/","url":"https:\/\/openspaceconsulting.com\/wp-content\/uploads\/2020\/02\/logga-284px.png","contentUrl":"https:\/\/openspaceconsulting.com\/wp-content\/uploads\/2020\/02\/logga-284px.png","width":284,"height":284,"caption":"Open Space Consulting AB"},"image":{"@id":"https:\/\/openspaceconsulting.com\/#\/schema\/logo\/image\/"},"sameAs":["https:\/\/www.facebook.com\/OpenSpaceConsulting\/","https:\/\/x.com\/thomasherr","https:\/\/www.linkedin.com\/in\/thomasherrmannopenspaceconsult\/","https:\/\/www.youtube.com\/channel\/UCmLV1KM01JiGOp6I9qk7d3g"]}]}},"jetpack_sharing_enabled":true,"_links":{"self":[{"href":"https:\/\/openspaceconsulting.com\/en\/wp-json\/wp\/v2\/pages\/9615","targetHints":{"allow":["GET"]}}],"collection":[{"href":"https:\/\/openspaceconsulting.com\/en\/wp-json\/wp\/v2\/pages"}],"about":[{"href":"https:\/\/openspaceconsulting.com\/en\/wp-json\/wp\/v2\/types\/page"}],"author":[{"embeddable":true,"href":"https:\/\/openspaceconsulting.com\/en\/wp-json\/wp\/v2\/users\/2"}],"replies":[{"embeddable":true,"href":"https:\/\/openspaceconsulting.com\/en\/wp-json\/wp\/v2\/comments?post=9615"}],"version-history":[{"count":2,"href":"https:\/\/openspaceconsulting.com\/en\/wp-json\/wp\/v2\/pages\/9615\/revisions"}],"predecessor-version":[{"id":9618,"href":"https:\/\/openspaceconsulting.com\/en\/wp-json\/wp\/v2\/pages\/9615\/revisions\/9618"}],"up":[{"embeddable":true,"href":"https:\/\/openspaceconsulting.com\/en\/wp-json\/wp\/v2\/pages\/7249"}],"wp:attachment":[{"href":"https:\/\/openspaceconsulting.com\/en\/wp-json\/wp\/v2\/media?parent=9615"}],"curies":[{"name":"wp","href":"https:\/\/api.w.org\/{rel}","templated":true}]}}