{"id":9306,"date":"2026-01-12T21:49:31","date_gmt":"2026-01-12T20:49:31","guid":{"rendered":"https:\/\/openspaceconsulting.com\/?page_id=9306"},"modified":"2026-01-12T21:49:31","modified_gmt":"2026-01-12T20:49:31","slug":"contact-us","status":"publish","type":"page","link":"https:\/\/openspaceconsulting.com\/en\/contact-us\/","title":{"rendered":"Contact us!"},"content":{"rendered":"<h3>Welcome to get in touch!<\/h3>\n<p>Call us or send an Email.<\/p>\n<p><a href=\"https:\/\/openspaceconsulting.com\/wp-content\/uploads\/2013\/01\/thomasH2.jpg\"><img loading=\"lazy\" decoding=\"async\" class=\"wp-image-5424 alignleft\" src=\"https:\/\/openspaceconsulting.com\/wp-content\/uploads\/2013\/01\/thomasH2.jpg\" alt=\"\" width=\"161\" height=\"210\" srcset=\"https:\/\/openspaceconsulting.com\/wp-content\/uploads\/2013\/01\/thomasH2.jpg 366w, https:\/\/openspaceconsulting.com\/wp-content\/uploads\/2013\/01\/thomasH2-224x292.jpg 224w\" sizes=\"auto, (max-width: 161px) 100vw, 161px\" \/><\/a><\/p>\n<p>Address:<br \/>\nOpen Space Consulting AB<br \/>\nPens\u00e9v\u00e4gen 4<br \/>\n434 46 Kungsbacka, Sweden<\/p>\n<p>Telephone: +46 (0)709 989781<\/p>\n<p>Email: <a href=\"mailto:thomas@openspaceconsulting.com\">thomas@openspaceconsulting.com<\/a><\/p>\n<p>Visit us on <a href=\"https:\/\/www.linkedin.com\/in\/thomasherrmannopenspaceconsult\/?locale=en_US\">LinkedIn<\/a><\/p>\n<p>Thomas Herrmann (CEO\/Owner)<\/p>\n","protected":false},"excerpt":{"rendered":"<p>Welcome to get in touch! Call us or send an Email. Address: Open Space Consulting AB Pens\u00e9v\u00e4gen 4 434 46 Kungsbacka, Sweden Telephone: +46 (0)709 989781 Email: thomas@openspaceconsulting.com Visit us on LinkedIn Thomas Herrmann (CEO\/Owner)<\/p>\n","protected":false},"author":2,"featured_media":0,"parent":0,"menu_order":13,"comment_status":"closed","ping_status":"closed","template":"","meta":{"_acf_changed":false,"_genesis_hide_title":false,"_genesis_hide_breadcrumbs":false,"_genesis_hide_singular_image":false,"_genesis_hide_footer_widgets":false,"_genesis_custom_body_class":"","_genesis_custom_post_class":"","_genesis_layout":"","jetpack_post_was_ever_published":false,"footnotes":"","_links_to":"","_links_to_target":""},"class_list":{"0":"post-9306","1":"page","2":"type-page","3":"status-publish","5":"entry","6":"has-post-thumbnail"},"acf":[],"yoast_head":"<!-- This site is optimized with the Yoast SEO plugin v25.1 - https:\/\/yoast.com\/wordpress\/plugins\/seo\/ -->\n<title>Contact us! - Open Space Consulting<\/title>\n<meta name=\"description\" content=\"Welcome to get in touch! Call us or send an Email. Address: Open Space Consulting AB Pens\u00e9v\u00e4gen 4 434 46 Kungsbacka, Sweden Telephone: +46 (0)709 989781 [...]\" \/>\n<meta name=\"robots\" content=\"index, follow, max-snippet:-1, max-image-preview:large, max-video-preview:-1\" \/>\n<link rel=\"canonical\" href=\"https:\/\/openspaceconsulting.com\/en\/contact-us\/\" \/>\n<meta property=\"og:locale\" content=\"en_US\" \/>\n<meta property=\"og:type\" content=\"article\" \/>\n<meta property=\"og:title\" content=\"Contact us! - Open Space Consulting\" \/>\n<meta property=\"og:description\" content=\"Welcome to get in touch! Call us or send an Email. Address: Open Space Consulting AB Pens\u00e9v\u00e4gen 4 434 46 Kungsbacka, Sweden Telephone: +46 (0)709 989781 [...]\" \/>\n<meta property=\"og:url\" content=\"https:\/\/openspaceconsulting.com\/en\/contact-us\/\" \/>\n<meta property=\"og:site_name\" content=\"Open Space Consulting\" \/>\n<meta property=\"article:publisher\" content=\"https:\/\/www.facebook.com\/OpenSpaceConsulting\/\" \/>\n<meta property=\"og:image\" content=\"https:\/\/openspaceconsulting.com\/wp-content\/uploads\/2013\/01\/thomasH2.jpg\" \/>\n\t<meta property=\"og:image:width\" content=\"366\" \/>\n\t<meta property=\"og:image:height\" content=\"478\" \/>\n\t<meta property=\"og:image:type\" content=\"image\/jpeg\" \/>\n<meta name=\"twitter:card\" content=\"summary_large_image\" \/>\n<meta name=\"twitter:site\" content=\"@thomasherr\" \/>\n<meta name=\"twitter:label1\" content=\"Est. reading time\" \/>\n\t<meta name=\"twitter:data1\" content=\"1 minute\" \/>\n<script type=\"application\/ld+json\" class=\"yoast-schema-graph\">{\"@context\":\"https:\/\/schema.org\",\"@graph\":[{\"@type\":\"WebPage\",\"@id\":\"https:\/\/openspaceconsulting.com\/en\/contact-us\/\",\"url\":\"https:\/\/openspaceconsulting.com\/en\/contact-us\/\",\"name\":\"Contact us! - Open Space Consulting\",\"isPartOf\":{\"@id\":\"https:\/\/openspaceconsulting.com\/#website\"},\"primaryImageOfPage\":{\"@id\":\"https:\/\/openspaceconsulting.com\/en\/contact-us\/#primaryimage\"},\"image\":{\"@id\":\"https:\/\/openspaceconsulting.com\/en\/contact-us\/#primaryimage\"},\"thumbnailUrl\":\"https:\/\/openspaceconsulting.com\/wp-content\/uploads\/2013\/01\/thomasH2.jpg\",\"datePublished\":\"2026-01-12T20:49:31+00:00\",\"description\":\"Welcome to get in touch! Call us or send an Email. Address: Open Space Consulting AB Pens\u00e9v\u00e4gen 4 434 46 Kungsbacka, Sweden Telephone: +46 (0)709 989781 [...]\",\"breadcrumb\":{\"@id\":\"https:\/\/openspaceconsulting.com\/en\/contact-us\/#breadcrumb\"},\"inLanguage\":\"en-US\",\"potentialAction\":[{\"@type\":\"ReadAction\",\"target\":[\"https:\/\/openspaceconsulting.com\/en\/contact-us\/\"]}]},{\"@type\":\"ImageObject\",\"inLanguage\":\"en-US\",\"@id\":\"https:\/\/openspaceconsulting.com\/en\/contact-us\/#primaryimage\",\"url\":\"https:\/\/openspaceconsulting.com\/wp-content\/uploads\/2013\/01\/thomasH2.jpg\",\"contentUrl\":\"https:\/\/openspaceconsulting.com\/wp-content\/uploads\/2013\/01\/thomasH2.jpg\"},{\"@type\":\"BreadcrumbList\",\"@id\":\"https:\/\/openspaceconsulting.com\/en\/contact-us\/#breadcrumb\",\"itemListElement\":[{\"@type\":\"ListItem\",\"position\":1,\"name\":\"Home\",\"item\":\"https:\/\/openspaceconsulting.com\/\"},{\"@type\":\"ListItem\",\"position\":2,\"name\":\"Contact us!\"}]},{\"@type\":\"WebSite\",\"@id\":\"https:\/\/openspaceconsulting.com\/#website\",\"url\":\"https:\/\/openspaceconsulting.com\/\",\"name\":\"Open Space Consulting\",\"description\":\"Open Space Consulting frig\u00f6r livskraft i m\u00e4nniska, organisation &amp; samh\u00e4lle\",\"publisher\":{\"@id\":\"https:\/\/openspaceconsulting.com\/#organization\"},\"potentialAction\":[{\"@type\":\"SearchAction\",\"target\":{\"@type\":\"EntryPoint\",\"urlTemplate\":\"https:\/\/openspaceconsulting.com\/?s={search_term_string}\"},\"query-input\":{\"@type\":\"PropertyValueSpecification\",\"valueRequired\":true,\"valueName\":\"search_term_string\"}}],\"inLanguage\":\"en-US\"},{\"@type\":\"Organization\",\"@id\":\"https:\/\/openspaceconsulting.com\/#organization\",\"name\":\"Open Space Consulting AB\",\"url\":\"https:\/\/openspaceconsulting.com\/\",\"logo\":{\"@type\":\"ImageObject\",\"inLanguage\":\"en-US\",\"@id\":\"https:\/\/openspaceconsulting.com\/#\/schema\/logo\/image\/\",\"url\":\"https:\/\/openspaceconsulting.com\/wp-content\/uploads\/2020\/02\/logga-284px.png\",\"contentUrl\":\"https:\/\/openspaceconsulting.com\/wp-content\/uploads\/2020\/02\/logga-284px.png\",\"width\":284,\"height\":284,\"caption\":\"Open Space Consulting AB\"},\"image\":{\"@id\":\"https:\/\/openspaceconsulting.com\/#\/schema\/logo\/image\/\"},\"sameAs\":[\"https:\/\/www.facebook.com\/OpenSpaceConsulting\/\",\"https:\/\/x.com\/thomasherr\",\"https:\/\/www.linkedin.com\/in\/thomasherrmannopenspaceconsult\/\",\"https:\/\/www.youtube.com\/channel\/UCmLV1KM01JiGOp6I9qk7d3g\"]}]}<\/script>\n<!-- \/ Yoast SEO plugin. -->","yoast_head_json":{"title":"Contact us! - Open Space Consulting","description":"Welcome to get in touch! Call us or send an Email. Address: Open Space Consulting AB Pens\u00e9v\u00e4gen 4 434 46 Kungsbacka, Sweden Telephone: +46 (0)709 989781 [...]","robots":{"index":"index","follow":"follow","max-snippet":"max-snippet:-1","max-image-preview":"max-image-preview:large","max-video-preview":"max-video-preview:-1"},"canonical":"https:\/\/openspaceconsulting.com\/en\/contact-us\/","og_locale":"en_US","og_type":"article","og_title":"Contact us! - Open Space Consulting","og_description":"Welcome to get in touch! Call us or send an Email. Address: Open Space Consulting AB Pens\u00e9v\u00e4gen 4 434 46 Kungsbacka, Sweden Telephone: +46 (0)709 989781 [...]","og_url":"https:\/\/openspaceconsulting.com\/en\/contact-us\/","og_site_name":"Open Space Consulting","article_publisher":"https:\/\/www.facebook.com\/OpenSpaceConsulting\/","og_image":[{"width":366,"height":478,"url":"https:\/\/openspaceconsulting.com\/wp-content\/uploads\/2013\/01\/thomasH2.jpg","type":"image\/jpeg"}],"twitter_card":"summary_large_image","twitter_site":"@thomasherr","twitter_misc":{"Est. reading time":"1 minute"},"schema":{"@context":"https:\/\/schema.org","@graph":[{"@type":"WebPage","@id":"https:\/\/openspaceconsulting.com\/en\/contact-us\/","url":"https:\/\/openspaceconsulting.com\/en\/contact-us\/","name":"Contact us! - Open Space Consulting","isPartOf":{"@id":"https:\/\/openspaceconsulting.com\/#website"},"primaryImageOfPage":{"@id":"https:\/\/openspaceconsulting.com\/en\/contact-us\/#primaryimage"},"image":{"@id":"https:\/\/openspaceconsulting.com\/en\/contact-us\/#primaryimage"},"thumbnailUrl":"https:\/\/openspaceconsulting.com\/wp-content\/uploads\/2013\/01\/thomasH2.jpg","datePublished":"2026-01-12T20:49:31+00:00","description":"Welcome to get in touch! Call us or send an Email. Address: Open Space Consulting AB Pens\u00e9v\u00e4gen 4 434 46 Kungsbacka, Sweden Telephone: +46 (0)709 989781 [...]","breadcrumb":{"@id":"https:\/\/openspaceconsulting.com\/en\/contact-us\/#breadcrumb"},"inLanguage":"en-US","potentialAction":[{"@type":"ReadAction","target":["https:\/\/openspaceconsulting.com\/en\/contact-us\/"]}]},{"@type":"ImageObject","inLanguage":"en-US","@id":"https:\/\/openspaceconsulting.com\/en\/contact-us\/#primaryimage","url":"https:\/\/openspaceconsulting.com\/wp-content\/uploads\/2013\/01\/thomasH2.jpg","contentUrl":"https:\/\/openspaceconsulting.com\/wp-content\/uploads\/2013\/01\/thomasH2.jpg"},{"@type":"BreadcrumbList","@id":"https:\/\/openspaceconsulting.com\/en\/contact-us\/#breadcrumb","itemListElement":[{"@type":"ListItem","position":1,"name":"Home","item":"https:\/\/openspaceconsulting.com\/"},{"@type":"ListItem","position":2,"name":"Contact us!"}]},{"@type":"WebSite","@id":"https:\/\/openspaceconsulting.com\/#website","url":"https:\/\/openspaceconsulting.com\/","name":"Open Space Consulting","description":"Open Space Consulting frig\u00f6r livskraft i m\u00e4nniska, organisation &amp; samh\u00e4lle","publisher":{"@id":"https:\/\/openspaceconsulting.com\/#organization"},"potentialAction":[{"@type":"SearchAction","target":{"@type":"EntryPoint","urlTemplate":"https:\/\/openspaceconsulting.com\/?s={search_term_string}"},"query-input":{"@type":"PropertyValueSpecification","valueRequired":true,"valueName":"search_term_string"}}],"inLanguage":"en-US"},{"@type":"Organization","@id":"https:\/\/openspaceconsulting.com\/#organization","name":"Open Space Consulting AB","url":"https:\/\/openspaceconsulting.com\/","logo":{"@type":"ImageObject","inLanguage":"en-US","@id":"https:\/\/openspaceconsulting.com\/#\/schema\/logo\/image\/","url":"https:\/\/openspaceconsulting.com\/wp-content\/uploads\/2020\/02\/logga-284px.png","contentUrl":"https:\/\/openspaceconsulting.com\/wp-content\/uploads\/2020\/02\/logga-284px.png","width":284,"height":284,"caption":"Open Space Consulting AB"},"image":{"@id":"https:\/\/openspaceconsulting.com\/#\/schema\/logo\/image\/"},"sameAs":["https:\/\/www.facebook.com\/OpenSpaceConsulting\/","https:\/\/x.com\/thomasherr","https:\/\/www.linkedin.com\/in\/thomasherrmannopenspaceconsult\/","https:\/\/www.youtube.com\/channel\/UCmLV1KM01JiGOp6I9qk7d3g"]}]}},"jetpack_sharing_enabled":true,"_links":{"self":[{"href":"https:\/\/openspaceconsulting.com\/en\/wp-json\/wp\/v2\/pages\/9306","targetHints":{"allow":["GET"]}}],"collection":[{"href":"https:\/\/openspaceconsulting.com\/en\/wp-json\/wp\/v2\/pages"}],"about":[{"href":"https:\/\/openspaceconsulting.com\/en\/wp-json\/wp\/v2\/types\/page"}],"author":[{"embeddable":true,"href":"https:\/\/openspaceconsulting.com\/en\/wp-json\/wp\/v2\/users\/2"}],"replies":[{"embeddable":true,"href":"https:\/\/openspaceconsulting.com\/en\/wp-json\/wp\/v2\/comments?post=9306"}],"version-history":[{"count":4,"href":"https:\/\/openspaceconsulting.com\/en\/wp-json\/wp\/v2\/pages\/9306\/revisions"}],"predecessor-version":[{"id":9312,"href":"https:\/\/openspaceconsulting.com\/en\/wp-json\/wp\/v2\/pages\/9306\/revisions\/9312"}],"wp:attachment":[{"href":"https:\/\/openspaceconsulting.com\/en\/wp-json\/wp\/v2\/media?parent=9306"}],"curies":[{"name":"wp","href":"https:\/\/api.w.org\/{rel}","templated":true}]}}