{"id":7266,"date":"2023-06-14T12:28:58","date_gmt":"2023-06-14T10:28:58","guid":{"rendered":"https:\/\/openspaceconsulting.com\/?page_id=7266"},"modified":"2026-01-07T12:46:54","modified_gmt":"2026-01-07T11:46:54","slug":"open-space-technology-for-facilitators","status":"publish","type":"page","link":"https:\/\/openspaceconsulting.com\/en\/open-space-technology-for-facilitators\/","title":{"rendered":"Open Space Technology &#8211; for facilitators"},"content":{"rendered":"<p>There are as many ways to facilitate Open Space meetings as there are facilitators. If you have acquired basic knowledge of the method, the information below can be a complement when preparing a meeting. Although the structure is simple, our experience is that situations often arise when you as a facilitator have to make the right decision to keep the space open. When these decisions are based on a deeper understanding, the chances of &#8216;keeping the space open&#8217; increase.<\/p>\n<p>We invite you to continue learning through our mentoring circles, both in physical meetings and online. We also offer trainings if you want a deep dive. Our trainings increase your capacity to give your best when you work with Open Space.<\/p>\n<h3><a href=\"https:\/\/openspaceconsulting.com\/resurser-for-handledare\/open-space-metoden-for-handledare\/open-space-kickstart-program\/\"><strong>Kickstart program<\/strong><\/a><\/h3>\n<p>Do-it-yourself steps for those who want to quickly get started and use Open Space Technology<\/p>\n<h3><a href=\"https:\/\/openspaceconsulting.com\/wp-content\/uploads\/2018\/08\/OS_HelaProcessen_s2ny.pdf\"><strong>Open Space Technology &#8211; the whole process<\/strong><\/a><\/h3>\n<p>We\u00a0 work with a whole consisting of preparation, implementation, follow-up and evaluation.<\/p>\n<h3><a href=\"https:\/\/openspaceconsulting.com\/en\/open-space-technology-for-facilitators\/ett-open-space-mote-i-praktiken\/\"><strong>An Open Space meeting in practice<\/strong><\/a><\/h3>\n<p>Join us on a photo tour for the meeting itself &#8211; from start to finish!<\/p>\n<h3><a href=\"https:\/\/openspaceconsulting.com\/wp-content\/uploads\/2018\/08\/Infoblad1_fr\u00e5gest\u00e4llningar-inf\u00f6r.pdf\"><strong>Some basic questions when planning a meeting<\/strong><\/a><\/h3>\n<p>Here is an example of questions to consider in the planning phase<\/p>\n<h3><a href=\"https:\/\/openspaceconsulting.com\/wp-content\/uploads\/2018\/08\/Infoblad2_Inbjudan.pdf\"><strong>Tips when crafting an invitation<\/strong><\/a><\/h3>\n<p>What I think are the most important points to clarify when writing an invitation to an Open Space meeting.<\/p>\n<h3><a href=\"https:\/\/openspaceconsulting.com\/wp-content\/uploads\/2018\/08\/Infoblad3_lokal.pdf\"><strong>Requirements for the premises<\/strong><\/a><\/h3>\n<p>Information I usually provide to the person responsible for logistics in the venue . It clarifyes the general requirements.<\/p>\n<h3><a href=\"https:\/\/openspaceconsulting.com\/resurser-for-handledare\/open-space-metoden-for-handledare\/hur-deltagarna-introduceras-till-motet-ett-exempel\/\"><strong>How I introduce participants to the meeting &#8211; an example<\/strong><\/a><\/h3>\n<p>The introduction for the participants at the beginning of the meeting must be clear, here is an example of what you can include.<\/p>\n<h3><a href=\"http:\/\/openspaceworldmap.org\/\"><strong>Open Space World Map<\/strong><\/a><\/h3>\n<p>See where &#8216;Open Space&#8217; is in the world and find facilitators in different countries.<\/p>\n<h3><a href=\"https:\/\/openspaceconsulting.com\/om-open-space-metoden\/open-space-video\/\"><strong>Open Space videos<\/strong><\/a><\/h3>\n<p>A selection of informative videos about Open Space Technology! One of our own film (11 min) is a great way to get interested people to understand a little more about the practicalities of a meeting.<\/p>\n<h3><a href=\"http:\/\/www.auryn.nl\/eng\/requirements.html\"><strong>How to calculate the circles for large groups!<\/strong><\/a><\/h3>\n<p>My good friend and colleague Koos De Heer in the Netherlands has made a superbly simple spreadsheet where you can easily calculate how big circles it will be for a specific group size.<\/p>\n<h3><a href=\"https:\/\/openspaceconsulting.com\/resurser-for-handledare\/\"><strong>More general tips for facilitators of meetings<\/strong><\/a><\/h3>\n<p>Here you will find various tips if facilitate meetings and development processes. There is also a literature and link list.<\/p>\n<div class=\"clearBoth\"><\/div>\n","protected":false},"excerpt":{"rendered":"<p>There are as many ways to facilitate Open Space meetings as there are facilitators. If you have acquired basic knowledge of the method, the information below can be a complement when preparing a meeting. Although the structure is simple, our experience is that situations often arise when you as a facilitator have to make the [&hellip;]<\/p>\n","protected":false},"author":2,"featured_media":0,"parent":0,"menu_order":4,"comment_status":"closed","ping_status":"closed","template":"","meta":{"_acf_changed":false,"_genesis_hide_title":false,"_genesis_hide_breadcrumbs":false,"_genesis_hide_singular_image":false,"_genesis_hide_footer_widgets":false,"_genesis_custom_body_class":"","_genesis_custom_post_class":"","_genesis_layout":"","jetpack_post_was_ever_published":false,"footnotes":"","_links_to":"","_links_to_target":""},"class_list":{"0":"post-7266","1":"page","2":"type-page","3":"status-publish","5":"entry"},"acf":[],"yoast_head":"<!-- This site is optimized with the Yoast SEO plugin v25.1 - https:\/\/yoast.com\/wordpress\/plugins\/seo\/ -->\n<title>Open Space Technology - for facilitators - Open Space Consulting<\/title>\n<meta name=\"description\" content=\"There are as many ways to facilitate Open Space meetings as there are facilitators. If you have acquired basic knowledge of the method, the information [...]\" \/>\n<meta name=\"robots\" content=\"index, follow, max-snippet:-1, max-image-preview:large, max-video-preview:-1\" \/>\n<link rel=\"canonical\" href=\"https:\/\/openspaceconsulting.com\/en\/open-space-technology-for-facilitators\/\" \/>\n<meta property=\"og:locale\" content=\"en_US\" \/>\n<meta property=\"og:type\" content=\"article\" \/>\n<meta property=\"og:title\" content=\"Open Space Technology - for facilitators - Open Space Consulting\" \/>\n<meta property=\"og:description\" content=\"There are as many ways to facilitate Open Space meetings as there are facilitators. If you have acquired basic knowledge of the method, the information [...]\" \/>\n<meta property=\"og:url\" content=\"https:\/\/openspaceconsulting.com\/en\/open-space-technology-for-facilitators\/\" \/>\n<meta property=\"og:site_name\" content=\"Open Space Consulting\" \/>\n<meta property=\"article:publisher\" content=\"https:\/\/www.facebook.com\/OpenSpaceConsulting\/\" \/>\n<meta property=\"article:modified_time\" content=\"2026-01-07T11:46:54+00:00\" \/>\n<meta property=\"og:image\" content=\"https:\/\/openspaceconsulting.com\/wp-content\/uploads\/2018\/07\/logga-284px.png\" \/>\n\t<meta property=\"og:image:width\" content=\"284\" \/>\n\t<meta property=\"og:image:height\" content=\"284\" \/>\n\t<meta property=\"og:image:type\" content=\"image\/png\" \/>\n<meta name=\"twitter:card\" content=\"summary_large_image\" \/>\n<meta name=\"twitter:site\" content=\"@thomasherr\" \/>\n<meta name=\"twitter:label1\" content=\"Est. reading time\" \/>\n\t<meta name=\"twitter:data1\" content=\"2 minutes\" \/>\n<script type=\"application\/ld+json\" class=\"yoast-schema-graph\">{\"@context\":\"https:\/\/schema.org\",\"@graph\":[{\"@type\":\"WebPage\",\"@id\":\"https:\/\/openspaceconsulting.com\/en\/open-space-technology-for-facilitators\/\",\"url\":\"https:\/\/openspaceconsulting.com\/en\/open-space-technology-for-facilitators\/\",\"name\":\"Open Space Technology - for facilitators - Open Space Consulting\",\"isPartOf\":{\"@id\":\"https:\/\/openspaceconsulting.com\/#website\"},\"datePublished\":\"2023-06-14T10:28:58+00:00\",\"dateModified\":\"2026-01-07T11:46:54+00:00\",\"description\":\"There are as many ways to facilitate Open Space meetings as there are facilitators. If you have acquired basic knowledge of the method, the information [...]\",\"breadcrumb\":{\"@id\":\"https:\/\/openspaceconsulting.com\/en\/open-space-technology-for-facilitators\/#breadcrumb\"},\"inLanguage\":\"en-US\",\"potentialAction\":[{\"@type\":\"ReadAction\",\"target\":[\"https:\/\/openspaceconsulting.com\/en\/open-space-technology-for-facilitators\/\"]}]},{\"@type\":\"BreadcrumbList\",\"@id\":\"https:\/\/openspaceconsulting.com\/en\/open-space-technology-for-facilitators\/#breadcrumb\",\"itemListElement\":[{\"@type\":\"ListItem\",\"position\":1,\"name\":\"Home\",\"item\":\"https:\/\/openspaceconsulting.com\/\"},{\"@type\":\"ListItem\",\"position\":2,\"name\":\"Open Space Technology &#8211; for facilitators\"}]},{\"@type\":\"WebSite\",\"@id\":\"https:\/\/openspaceconsulting.com\/#website\",\"url\":\"https:\/\/openspaceconsulting.com\/\",\"name\":\"Open Space Consulting\",\"description\":\"Open Space Consulting frig\u00f6r livskraft i m\u00e4nniska, organisation &amp; samh\u00e4lle\",\"publisher\":{\"@id\":\"https:\/\/openspaceconsulting.com\/#organization\"},\"potentialAction\":[{\"@type\":\"SearchAction\",\"target\":{\"@type\":\"EntryPoint\",\"urlTemplate\":\"https:\/\/openspaceconsulting.com\/?s={search_term_string}\"},\"query-input\":{\"@type\":\"PropertyValueSpecification\",\"valueRequired\":true,\"valueName\":\"search_term_string\"}}],\"inLanguage\":\"en-US\"},{\"@type\":\"Organization\",\"@id\":\"https:\/\/openspaceconsulting.com\/#organization\",\"name\":\"Open Space Consulting AB\",\"url\":\"https:\/\/openspaceconsulting.com\/\",\"logo\":{\"@type\":\"ImageObject\",\"inLanguage\":\"en-US\",\"@id\":\"https:\/\/openspaceconsulting.com\/#\/schema\/logo\/image\/\",\"url\":\"https:\/\/openspaceconsulting.com\/wp-content\/uploads\/2020\/02\/logga-284px.png\",\"contentUrl\":\"https:\/\/openspaceconsulting.com\/wp-content\/uploads\/2020\/02\/logga-284px.png\",\"width\":284,\"height\":284,\"caption\":\"Open Space Consulting AB\"},\"image\":{\"@id\":\"https:\/\/openspaceconsulting.com\/#\/schema\/logo\/image\/\"},\"sameAs\":[\"https:\/\/www.facebook.com\/OpenSpaceConsulting\/\",\"https:\/\/x.com\/thomasherr\",\"https:\/\/www.linkedin.com\/in\/thomasherrmannopenspaceconsult\/\",\"https:\/\/www.youtube.com\/channel\/UCmLV1KM01JiGOp6I9qk7d3g\"]}]}<\/script>\n<!-- \/ Yoast SEO plugin. -->","yoast_head_json":{"title":"Open Space Technology - for facilitators - Open Space Consulting","description":"There are as many ways to facilitate Open Space meetings as there are facilitators. If you have acquired basic knowledge of the method, the information [...]","robots":{"index":"index","follow":"follow","max-snippet":"max-snippet:-1","max-image-preview":"max-image-preview:large","max-video-preview":"max-video-preview:-1"},"canonical":"https:\/\/openspaceconsulting.com\/en\/open-space-technology-for-facilitators\/","og_locale":"en_US","og_type":"article","og_title":"Open Space Technology - for facilitators - Open Space Consulting","og_description":"There are as many ways to facilitate Open Space meetings as there are facilitators. If you have acquired basic knowledge of the method, the information [...]","og_url":"https:\/\/openspaceconsulting.com\/en\/open-space-technology-for-facilitators\/","og_site_name":"Open Space Consulting","article_publisher":"https:\/\/www.facebook.com\/OpenSpaceConsulting\/","article_modified_time":"2026-01-07T11:46:54+00:00","og_image":[{"width":284,"height":284,"url":"https:\/\/openspaceconsulting.com\/wp-content\/uploads\/2018\/07\/logga-284px.png","type":"image\/png"}],"twitter_card":"summary_large_image","twitter_site":"@thomasherr","twitter_misc":{"Est. reading time":"2 minutes"},"schema":{"@context":"https:\/\/schema.org","@graph":[{"@type":"WebPage","@id":"https:\/\/openspaceconsulting.com\/en\/open-space-technology-for-facilitators\/","url":"https:\/\/openspaceconsulting.com\/en\/open-space-technology-for-facilitators\/","name":"Open Space Technology - for facilitators - Open Space Consulting","isPartOf":{"@id":"https:\/\/openspaceconsulting.com\/#website"},"datePublished":"2023-06-14T10:28:58+00:00","dateModified":"2026-01-07T11:46:54+00:00","description":"There are as many ways to facilitate Open Space meetings as there are facilitators. If you have acquired basic knowledge of the method, the information [...]","breadcrumb":{"@id":"https:\/\/openspaceconsulting.com\/en\/open-space-technology-for-facilitators\/#breadcrumb"},"inLanguage":"en-US","potentialAction":[{"@type":"ReadAction","target":["https:\/\/openspaceconsulting.com\/en\/open-space-technology-for-facilitators\/"]}]},{"@type":"BreadcrumbList","@id":"https:\/\/openspaceconsulting.com\/en\/open-space-technology-for-facilitators\/#breadcrumb","itemListElement":[{"@type":"ListItem","position":1,"name":"Home","item":"https:\/\/openspaceconsulting.com\/"},{"@type":"ListItem","position":2,"name":"Open Space Technology &#8211; for facilitators"}]},{"@type":"WebSite","@id":"https:\/\/openspaceconsulting.com\/#website","url":"https:\/\/openspaceconsulting.com\/","name":"Open Space Consulting","description":"Open Space Consulting frig\u00f6r livskraft i m\u00e4nniska, organisation &amp; samh\u00e4lle","publisher":{"@id":"https:\/\/openspaceconsulting.com\/#organization"},"potentialAction":[{"@type":"SearchAction","target":{"@type":"EntryPoint","urlTemplate":"https:\/\/openspaceconsulting.com\/?s={search_term_string}"},"query-input":{"@type":"PropertyValueSpecification","valueRequired":true,"valueName":"search_term_string"}}],"inLanguage":"en-US"},{"@type":"Organization","@id":"https:\/\/openspaceconsulting.com\/#organization","name":"Open Space Consulting AB","url":"https:\/\/openspaceconsulting.com\/","logo":{"@type":"ImageObject","inLanguage":"en-US","@id":"https:\/\/openspaceconsulting.com\/#\/schema\/logo\/image\/","url":"https:\/\/openspaceconsulting.com\/wp-content\/uploads\/2020\/02\/logga-284px.png","contentUrl":"https:\/\/openspaceconsulting.com\/wp-content\/uploads\/2020\/02\/logga-284px.png","width":284,"height":284,"caption":"Open Space Consulting AB"},"image":{"@id":"https:\/\/openspaceconsulting.com\/#\/schema\/logo\/image\/"},"sameAs":["https:\/\/www.facebook.com\/OpenSpaceConsulting\/","https:\/\/x.com\/thomasherr","https:\/\/www.linkedin.com\/in\/thomasherrmannopenspaceconsult\/","https:\/\/www.youtube.com\/channel\/UCmLV1KM01JiGOp6I9qk7d3g"]}]}},"jetpack_sharing_enabled":true,"_links":{"self":[{"href":"https:\/\/openspaceconsulting.com\/en\/wp-json\/wp\/v2\/pages\/7266","targetHints":{"allow":["GET"]}}],"collection":[{"href":"https:\/\/openspaceconsulting.com\/en\/wp-json\/wp\/v2\/pages"}],"about":[{"href":"https:\/\/openspaceconsulting.com\/en\/wp-json\/wp\/v2\/types\/page"}],"author":[{"embeddable":true,"href":"https:\/\/openspaceconsulting.com\/en\/wp-json\/wp\/v2\/users\/2"}],"replies":[{"embeddable":true,"href":"https:\/\/openspaceconsulting.com\/en\/wp-json\/wp\/v2\/comments?post=7266"}],"version-history":[{"count":4,"href":"https:\/\/openspaceconsulting.com\/en\/wp-json\/wp\/v2\/pages\/7266\/revisions"}],"predecessor-version":[{"id":9286,"href":"https:\/\/openspaceconsulting.com\/en\/wp-json\/wp\/v2\/pages\/7266\/revisions\/9286"}],"wp:attachment":[{"href":"https:\/\/openspaceconsulting.com\/en\/wp-json\/wp\/v2\/media?parent=7266"}],"curies":[{"name":"wp","href":"https:\/\/api.w.org\/{rel}","templated":true}]}}