{"id":7249,"date":"2023-06-14T12:05:04","date_gmt":"2023-06-14T10:05:04","guid":{"rendered":"https:\/\/openspaceconsulting.com\/?page_id=7249"},"modified":"2026-03-18T15:09:57","modified_gmt":"2026-03-18T14:09:57","slug":"trainings","status":"publish","type":"page","link":"https:\/\/openspaceconsulting.com\/en\/services\/trainings\/","title":{"rendered":"Trainings"},"content":{"rendered":"<p>We offer a range of trainings for individuals and organizations who want to use more of the potential. They focus on: Leadership Development, Health and Balance in Organizations or various facilitation trainings, all included as parts of The Genuine Contact\u2122 Way. They are offered in-person as well as online.<\/p>\n<p>We offer three foundational trainings (A-C) which focus on health and balance in organizations and the individual. There are four parts for advanced competence development (part 1-4 below) where you learn tools and methods that support in maintaining an efficient and prosperous business. The authorization course is for those who want to deepen further, possibly take an active part in the further development of the program and\/or to offer trainings inside their organization or publicly.<\/p>\n<p>The trainings can be taken independently or as a holistic learning journey. Module 4 requires prior knowledge (module 1-2 and course A-B).<\/p>\n<p>Open trainings are offered regularly all over the world, more info below. We also offer internal trainings for your company. <a href=\"mailto:thomas@openspaceconsulting.com\">Please contact us <\/a>for a proposal.<\/p>\n<p>All our trainings are experience-based &#8216;learnshops&#8217; where you learn by alternating information, reflection, practical practice and conversations with your peers. Throughout, we use Whole Person Process Facilitation as a &#8216;container&#8217; for learning. <a href=\"https:\/\/openspaceconsulting.com\/kategori\/aktiviteter\/kommande-aktiviteter\/\">Current offerings can be found HERE.<\/a><\/p>\n<h3><a href=\"https:\/\/openspaceconsulting.com\/vara-tjanster\/utbildning\/open-space-metoden-grundkurs\/\"><strong>Part 1. Working with Open Space Technology<\/strong><\/a><\/h3>\n<p>Learn to facilitate meetings that create conditions for individuals and groups to use their full knowledge and capacity for focused action. The power is unleashed by harnessing the opportunity and genius of self-organization.<\/p>\n<h3><a href=\"https:\/\/openspaceconsulting.com\/vara-tjanster\/utbildning\/del-2-whole-person-process-facilitation\/\"><strong>Part 2. Whole Person Process Facilitation<\/strong><\/a><\/h3>\n<p>WPPF is a perfect complement to &#8216;Open Space&#8217;. It is suitable when you have a controlled agenda, for example for staff\/project meetings, trainings &amp; decision meetings. A range of tools\/techniques are used to invite the whole person\/capacity into the meeting!<\/p>\n<h3><a href=\"https:\/\/openspaceconsulting.com\/vara-tjanster\/utbildning\/del-3-tvarkulturell-konfliktlosning\/\"><strong>Part 3. Cross-cultural conflict resolution<\/strong><\/a><\/h3>\n<p>Learn a conflict resolution method in tune with the values of the program. It includes work with individuals as well as in groups. The method is applicable in diverse cultural environments.<\/p>\n<h3><a href=\"https:\/\/openspaceconsulting.com\/vara-tjanster\/utbildning\/del-4-genuine-contact-organisationen\/\"><strong>Del 4. Genuine Contact organisations<\/strong><\/a><\/h3>\n<p>The Genuine Contact organization &#8211; an organization where the potential is utilized in everyday life. Learn how you can support an organization to find its unique journey to organizational excellence.<\/p>\n<h3><a href=\"https:\/\/openspaceconsulting.com\/vara-tjanster\/utbildning\/del-5-auktorisationskurs\/\"><strong>Part 5. Train the Trainer<\/strong><\/a><\/h3>\n<p>Train the Trainer is a path to deepen your understanding of yourself and Genuine Contact and how you can make a difference in the world. You may wish to spread the knowledge in your or other organizations and\/or actively participate in the further development of the program by participating in our International Genuine Contact organization.<\/p>\n<h3><a href=\"https:\/\/openspaceconsulting.com\/vara-tjanster\/utbildning\/kurs-a-en-vag-till-halsa-och-balans-i-organisationer\/\"><strong>Foundation A. A Path to Health and Balance in Organizations<\/strong><\/a><\/h3>\n<p>A 4-hour workshop that provides insights into the opportunities in restoring health and balance in your organization.<\/p>\n<h3><a href=\"https:\/\/openspaceconsulting.com\/vara-tjanster\/utbildning\/kurs-b-att-uppna-halsa-balans-i-organisationer-diagnos-och-fornyelse\/\"><strong>Foundation B. Achieving Health o Balance in Organizations &#8211; Diagnosis o Renewal<\/strong><\/a><\/h3>\n<p>Learn how to make a diagnosis of the health status of your organization in a qualitative and life-affirming way. Find your way to a life-affirming and efficient everyday life.<\/p>\n<h3><a href=\"https:\/\/openspaceconsulting.com\/vara-tjanster\/utbildning\/kurs-c-individuell-halsa-och-balans-for-ledare-och-konsulter\/\"><strong>Foundation C. Individual Health and Balance<\/strong><\/a><\/h3>\n<p>Actually, we often know how we &#8216;should&#8217; live. Why is this not always the case? Invest 4 days in finding your personal power, health and balance and a way to maintain it in the future.<\/p>\n<h3><a href=\"http:\/\/genuinecontact.net\/trainings-events\/\"><strong>Trainings around the world<\/strong><\/a><\/h3>\n<p>The trainings within The Genuine Contact Way are offered continuously in different parts in the world. Here you will find links to my colleagues<\/p>\n","protected":false},"excerpt":{"rendered":"<p>We offer a range of trainings for individuals and organizations who want to use more of the potential. They focus on: Leadership Development, Health and Balance in Organizations or various facilitation trainings, all included as parts of The Genuine Contact\u2122 Way. They are offered in-person as well as online. We offer three foundational trainings (A-C) [&hellip;]<\/p>\n","protected":false},"author":2,"featured_media":0,"parent":5768,"menu_order":2,"comment_status":"closed","ping_status":"closed","template":"","meta":{"_acf_changed":false,"_genesis_hide_title":false,"_genesis_hide_breadcrumbs":false,"_genesis_hide_singular_image":false,"_genesis_hide_footer_widgets":false,"_genesis_custom_body_class":"","_genesis_custom_post_class":"","_genesis_layout":"content-sidebar","jetpack_post_was_ever_published":false,"footnotes":"","_links_to":"","_links_to_target":""},"class_list":{"0":"post-7249","1":"page","2":"type-page","3":"status-publish","5":"entry"},"acf":[],"yoast_head":"<!-- This site is optimized with the Yoast SEO plugin v25.1 - https:\/\/yoast.com\/wordpress\/plugins\/seo\/ -->\n<title>Trainings - Open Space Consulting<\/title>\n<meta name=\"description\" content=\"We offer a range of trainings for individuals and organizations who want to use more of the potential. They focus on: Leadership Development, Health and [...]\" \/>\n<meta name=\"robots\" content=\"index, follow, max-snippet:-1, max-image-preview:large, max-video-preview:-1\" \/>\n<link rel=\"canonical\" href=\"https:\/\/openspaceconsulting.com\/en\/services\/trainings\/\" \/>\n<meta property=\"og:locale\" content=\"en_US\" \/>\n<meta property=\"og:type\" content=\"article\" \/>\n<meta property=\"og:title\" content=\"Trainings - Open Space Consulting\" \/>\n<meta property=\"og:description\" content=\"We offer a range of trainings for individuals and organizations who want to use more of the potential. They focus on: Leadership Development, Health and [...]\" \/>\n<meta property=\"og:url\" content=\"https:\/\/openspaceconsulting.com\/en\/services\/trainings\/\" \/>\n<meta property=\"og:site_name\" content=\"Open Space Consulting\" \/>\n<meta property=\"article:publisher\" content=\"https:\/\/www.facebook.com\/OpenSpaceConsulting\/\" \/>\n<meta property=\"article:modified_time\" content=\"2026-03-18T14:09:57+00:00\" \/>\n<meta property=\"og:image\" content=\"https:\/\/openspaceconsulting.com\/wp-content\/uploads\/2018\/07\/logga-284px.png\" \/>\n\t<meta property=\"og:image:width\" content=\"284\" \/>\n\t<meta property=\"og:image:height\" content=\"284\" \/>\n\t<meta property=\"og:image:type\" content=\"image\/png\" \/>\n<meta name=\"twitter:card\" content=\"summary_large_image\" \/>\n<meta name=\"twitter:site\" content=\"@thomasherr\" \/>\n<meta name=\"twitter:label1\" content=\"Est. reading time\" \/>\n\t<meta name=\"twitter:data1\" content=\"3 minutes\" \/>\n<script type=\"application\/ld+json\" class=\"yoast-schema-graph\">{\"@context\":\"https:\/\/schema.org\",\"@graph\":[{\"@type\":\"WebPage\",\"@id\":\"https:\/\/openspaceconsulting.com\/en\/services\/trainings\/\",\"url\":\"https:\/\/openspaceconsulting.com\/en\/services\/trainings\/\",\"name\":\"Trainings - Open Space Consulting\",\"isPartOf\":{\"@id\":\"https:\/\/openspaceconsulting.com\/#website\"},\"datePublished\":\"2023-06-14T10:05:04+00:00\",\"dateModified\":\"2026-03-18T14:09:57+00:00\",\"description\":\"We offer a range of trainings for individuals and organizations who want to use more of the potential. They focus on: Leadership Development, Health and [...]\",\"breadcrumb\":{\"@id\":\"https:\/\/openspaceconsulting.com\/en\/services\/trainings\/#breadcrumb\"},\"inLanguage\":\"en-US\",\"potentialAction\":[{\"@type\":\"ReadAction\",\"target\":[\"https:\/\/openspaceconsulting.com\/en\/services\/trainings\/\"]}]},{\"@type\":\"BreadcrumbList\",\"@id\":\"https:\/\/openspaceconsulting.com\/en\/services\/trainings\/#breadcrumb\",\"itemListElement\":[{\"@type\":\"ListItem\",\"position\":1,\"name\":\"Home\",\"item\":\"https:\/\/openspaceconsulting.com\/\"},{\"@type\":\"ListItem\",\"position\":2,\"name\":\"Our services\",\"item\":\"https:\/\/openspaceconsulting.com\/en\/services\/\"},{\"@type\":\"ListItem\",\"position\":3,\"name\":\"Trainings\"}]},{\"@type\":\"WebSite\",\"@id\":\"https:\/\/openspaceconsulting.com\/#website\",\"url\":\"https:\/\/openspaceconsulting.com\/\",\"name\":\"Open Space Consulting\",\"description\":\"Open Space Consulting frig\u00f6r livskraft i m\u00e4nniska, organisation &amp; samh\u00e4lle\",\"publisher\":{\"@id\":\"https:\/\/openspaceconsulting.com\/#organization\"},\"potentialAction\":[{\"@type\":\"SearchAction\",\"target\":{\"@type\":\"EntryPoint\",\"urlTemplate\":\"https:\/\/openspaceconsulting.com\/?s={search_term_string}\"},\"query-input\":{\"@type\":\"PropertyValueSpecification\",\"valueRequired\":true,\"valueName\":\"search_term_string\"}}],\"inLanguage\":\"en-US\"},{\"@type\":\"Organization\",\"@id\":\"https:\/\/openspaceconsulting.com\/#organization\",\"name\":\"Open Space Consulting AB\",\"url\":\"https:\/\/openspaceconsulting.com\/\",\"logo\":{\"@type\":\"ImageObject\",\"inLanguage\":\"en-US\",\"@id\":\"https:\/\/openspaceconsulting.com\/#\/schema\/logo\/image\/\",\"url\":\"https:\/\/openspaceconsulting.com\/wp-content\/uploads\/2020\/02\/logga-284px.png\",\"contentUrl\":\"https:\/\/openspaceconsulting.com\/wp-content\/uploads\/2020\/02\/logga-284px.png\",\"width\":284,\"height\":284,\"caption\":\"Open Space Consulting AB\"},\"image\":{\"@id\":\"https:\/\/openspaceconsulting.com\/#\/schema\/logo\/image\/\"},\"sameAs\":[\"https:\/\/www.facebook.com\/OpenSpaceConsulting\/\",\"https:\/\/x.com\/thomasherr\",\"https:\/\/www.linkedin.com\/in\/thomasherrmannopenspaceconsult\/\",\"https:\/\/www.youtube.com\/channel\/UCmLV1KM01JiGOp6I9qk7d3g\"]}]}<\/script>\n<!-- \/ Yoast SEO plugin. -->","yoast_head_json":{"title":"Trainings - Open Space Consulting","description":"We offer a range of trainings for individuals and organizations who want to use more of the potential. They focus on: Leadership Development, Health and [...]","robots":{"index":"index","follow":"follow","max-snippet":"max-snippet:-1","max-image-preview":"max-image-preview:large","max-video-preview":"max-video-preview:-1"},"canonical":"https:\/\/openspaceconsulting.com\/en\/services\/trainings\/","og_locale":"en_US","og_type":"article","og_title":"Trainings - Open Space Consulting","og_description":"We offer a range of trainings for individuals and organizations who want to use more of the potential. They focus on: Leadership Development, Health and [...]","og_url":"https:\/\/openspaceconsulting.com\/en\/services\/trainings\/","og_site_name":"Open Space Consulting","article_publisher":"https:\/\/www.facebook.com\/OpenSpaceConsulting\/","article_modified_time":"2026-03-18T14:09:57+00:00","og_image":[{"width":284,"height":284,"url":"https:\/\/openspaceconsulting.com\/wp-content\/uploads\/2018\/07\/logga-284px.png","type":"image\/png"}],"twitter_card":"summary_large_image","twitter_site":"@thomasherr","twitter_misc":{"Est. reading time":"3 minutes"},"schema":{"@context":"https:\/\/schema.org","@graph":[{"@type":"WebPage","@id":"https:\/\/openspaceconsulting.com\/en\/services\/trainings\/","url":"https:\/\/openspaceconsulting.com\/en\/services\/trainings\/","name":"Trainings - Open Space Consulting","isPartOf":{"@id":"https:\/\/openspaceconsulting.com\/#website"},"datePublished":"2023-06-14T10:05:04+00:00","dateModified":"2026-03-18T14:09:57+00:00","description":"We offer a range of trainings for individuals and organizations who want to use more of the potential. They focus on: Leadership Development, Health and [...]","breadcrumb":{"@id":"https:\/\/openspaceconsulting.com\/en\/services\/trainings\/#breadcrumb"},"inLanguage":"en-US","potentialAction":[{"@type":"ReadAction","target":["https:\/\/openspaceconsulting.com\/en\/services\/trainings\/"]}]},{"@type":"BreadcrumbList","@id":"https:\/\/openspaceconsulting.com\/en\/services\/trainings\/#breadcrumb","itemListElement":[{"@type":"ListItem","position":1,"name":"Home","item":"https:\/\/openspaceconsulting.com\/"},{"@type":"ListItem","position":2,"name":"Our services","item":"https:\/\/openspaceconsulting.com\/en\/services\/"},{"@type":"ListItem","position":3,"name":"Trainings"}]},{"@type":"WebSite","@id":"https:\/\/openspaceconsulting.com\/#website","url":"https:\/\/openspaceconsulting.com\/","name":"Open Space Consulting","description":"Open Space Consulting frig\u00f6r livskraft i m\u00e4nniska, organisation &amp; samh\u00e4lle","publisher":{"@id":"https:\/\/openspaceconsulting.com\/#organization"},"potentialAction":[{"@type":"SearchAction","target":{"@type":"EntryPoint","urlTemplate":"https:\/\/openspaceconsulting.com\/?s={search_term_string}"},"query-input":{"@type":"PropertyValueSpecification","valueRequired":true,"valueName":"search_term_string"}}],"inLanguage":"en-US"},{"@type":"Organization","@id":"https:\/\/openspaceconsulting.com\/#organization","name":"Open Space Consulting AB","url":"https:\/\/openspaceconsulting.com\/","logo":{"@type":"ImageObject","inLanguage":"en-US","@id":"https:\/\/openspaceconsulting.com\/#\/schema\/logo\/image\/","url":"https:\/\/openspaceconsulting.com\/wp-content\/uploads\/2020\/02\/logga-284px.png","contentUrl":"https:\/\/openspaceconsulting.com\/wp-content\/uploads\/2020\/02\/logga-284px.png","width":284,"height":284,"caption":"Open Space Consulting AB"},"image":{"@id":"https:\/\/openspaceconsulting.com\/#\/schema\/logo\/image\/"},"sameAs":["https:\/\/www.facebook.com\/OpenSpaceConsulting\/","https:\/\/x.com\/thomasherr","https:\/\/www.linkedin.com\/in\/thomasherrmannopenspaceconsult\/","https:\/\/www.youtube.com\/channel\/UCmLV1KM01JiGOp6I9qk7d3g"]}]}},"jetpack_sharing_enabled":true,"_links":{"self":[{"href":"https:\/\/openspaceconsulting.com\/en\/wp-json\/wp\/v2\/pages\/7249","targetHints":{"allow":["GET"]}}],"collection":[{"href":"https:\/\/openspaceconsulting.com\/en\/wp-json\/wp\/v2\/pages"}],"about":[{"href":"https:\/\/openspaceconsulting.com\/en\/wp-json\/wp\/v2\/types\/page"}],"author":[{"embeddable":true,"href":"https:\/\/openspaceconsulting.com\/en\/wp-json\/wp\/v2\/users\/2"}],"replies":[{"embeddable":true,"href":"https:\/\/openspaceconsulting.com\/en\/wp-json\/wp\/v2\/comments?post=7249"}],"version-history":[{"count":6,"href":"https:\/\/openspaceconsulting.com\/en\/wp-json\/wp\/v2\/pages\/7249\/revisions"}],"predecessor-version":[{"id":9567,"href":"https:\/\/openspaceconsulting.com\/en\/wp-json\/wp\/v2\/pages\/7249\/revisions\/9567"}],"up":[{"embeddable":true,"href":"https:\/\/openspaceconsulting.com\/en\/wp-json\/wp\/v2\/pages\/5768"}],"wp:attachment":[{"href":"https:\/\/openspaceconsulting.com\/en\/wp-json\/wp\/v2\/media?parent=7249"}],"curies":[{"name":"wp","href":"https:\/\/api.w.org\/{rel}","templated":true}]}}