{"id":7240,"date":"2023-06-14T09:42:37","date_gmt":"2023-06-14T07:42:37","guid":{"rendered":"https:\/\/openspaceconsulting.com\/?page_id=7240"},"modified":"2023-06-14T09:44:47","modified_gmt":"2023-06-14T07:44:47","slug":"leadership-development","status":"publish","type":"page","link":"https:\/\/openspaceconsulting.com\/en\/services\/leadership-development\/","title":{"rendered":"Leadership development"},"content":{"rendered":"<p>Powerful leadership is a key to creating success and health in an organization. Leadership can always be developed and strengthened among formal managers both individually and in the management team. Leadership can also be attracted and<a href=\"https:\/\/openspaceconsulting.com\/wp-content\/uploads\/2012\/09\/2003_0823_091014AA_bred_1.jpg\"><img loading=\"lazy\" decoding=\"async\" class=\"size-full wp-image-127 alignright\" title=\"2003_0823_091014AA_bred_1\" src=\"https:\/\/openspaceconsulting.com\/wp-content\/uploads\/2012\/09\/2003_0823_091014AA_bred_1.jpg\" alt=\"\" width=\"250\" height=\"269\" \/><\/a> strengthened on all levels in the organization.<\/p>\n<p>We offer support to develop your leadership through:<\/p>\n<ul>\n<li>Individual mentoring\/coaching for leaders. This can be a number of conversations where the leader gets to work with and reflect on her\/his role as well as feelings and behaviors. There is a focus on the leadership role but can also be about personal development as a basis for developing powerful leadership.<\/li>\n<li>Development programs for management teams are tailored to current needs. Normally, the program is based on three perspectives: Individual, team perspective and organizational perspective. We use methods and tools from The Genuine Contact Program, supplemented with other tools and methods when appropriate.<\/li>\n<li>Mentoring circles for leaders is an effective way of working that aims to give leaders a forum for continuous learning and development. After an initial development process and competence transfer, the mentoring circle is preferably supervised internally.<\/li>\n<li>Business development that invites leadership throughout your organization. This is about unleashing the leadership, in the form of commitment and willingness to take responsibility, that is already there but perhaps dormant.<\/li>\n<\/ul>\n","protected":false},"excerpt":{"rendered":"<p>Powerful leadership is a key to creating success and health in an organization. Leadership can always be developed and strengthened among formal managers both individually and in the management team. Leadership can also be attracted and strengthened on all levels in the organization. We offer support to develop your leadership through: Individual mentoring\/coaching for leaders. [&hellip;]<\/p>\n","protected":false},"author":2,"featured_media":0,"parent":5768,"menu_order":1,"comment_status":"closed","ping_status":"closed","template":"","meta":{"_acf_changed":false,"_genesis_hide_title":false,"_genesis_hide_breadcrumbs":false,"_genesis_hide_singular_image":false,"_genesis_hide_footer_widgets":false,"_genesis_custom_body_class":"","_genesis_custom_post_class":"","_genesis_layout":"","jetpack_post_was_ever_published":false,"footnotes":"","_links_to":"","_links_to_target":""},"class_list":{"0":"post-7240","1":"page","2":"type-page","3":"status-publish","5":"entry","6":"has-post-thumbnail"},"acf":[],"yoast_head":"<!-- This site is optimized with the Yoast SEO plugin v25.1 - https:\/\/yoast.com\/wordpress\/plugins\/seo\/ -->\n<title>Leadership development - Open Space Consulting<\/title>\n<meta name=\"description\" content=\"Powerful leadership is a key to creating success and health in an organization. Leadership can always be developed and strengthened among formal managers [...]\" \/>\n<meta name=\"robots\" content=\"index, follow, max-snippet:-1, max-image-preview:large, max-video-preview:-1\" \/>\n<link rel=\"canonical\" href=\"https:\/\/openspaceconsulting.com\/en\/services\/leadership-development\/\" \/>\n<meta property=\"og:locale\" content=\"en_US\" \/>\n<meta property=\"og:type\" content=\"article\" \/>\n<meta property=\"og:title\" content=\"Leadership development - Open Space Consulting\" \/>\n<meta property=\"og:description\" content=\"Powerful leadership is a key to creating success and health in an organization. Leadership can always be developed and strengthened among formal managers [...]\" \/>\n<meta property=\"og:url\" content=\"https:\/\/openspaceconsulting.com\/en\/services\/leadership-development\/\" \/>\n<meta property=\"og:site_name\" content=\"Open Space Consulting\" \/>\n<meta property=\"article:publisher\" content=\"https:\/\/www.facebook.com\/OpenSpaceConsulting\/\" \/>\n<meta property=\"article:modified_time\" content=\"2023-06-14T07:44:47+00:00\" \/>\n<meta property=\"og:image\" content=\"https:\/\/openspaceconsulting.com\/wp-content\/uploads\/2012\/09\/2003_0823_091014AA_bred_1.jpg\" \/>\n<meta name=\"twitter:card\" content=\"summary_large_image\" \/>\n<meta name=\"twitter:site\" content=\"@thomasherr\" \/>\n<meta name=\"twitter:label1\" content=\"Est. reading time\" \/>\n\t<meta name=\"twitter:data1\" content=\"2 minutes\" \/>\n<script type=\"application\/ld+json\" class=\"yoast-schema-graph\">{\"@context\":\"https:\/\/schema.org\",\"@graph\":[{\"@type\":\"WebPage\",\"@id\":\"https:\/\/openspaceconsulting.com\/en\/services\/leadership-development\/\",\"url\":\"https:\/\/openspaceconsulting.com\/en\/services\/leadership-development\/\",\"name\":\"Leadership development - Open Space Consulting\",\"isPartOf\":{\"@id\":\"https:\/\/openspaceconsulting.com\/#website\"},\"primaryImageOfPage\":{\"@id\":\"https:\/\/openspaceconsulting.com\/en\/services\/leadership-development\/#primaryimage\"},\"image\":{\"@id\":\"https:\/\/openspaceconsulting.com\/en\/services\/leadership-development\/#primaryimage\"},\"thumbnailUrl\":\"https:\/\/openspaceconsulting.com\/wp-content\/uploads\/2012\/09\/2003_0823_091014AA_bred_1.jpg\",\"datePublished\":\"2023-06-14T07:42:37+00:00\",\"dateModified\":\"2023-06-14T07:44:47+00:00\",\"description\":\"Powerful leadership is a key to creating success and health in an organization. Leadership can always be developed and strengthened among formal managers [...]\",\"breadcrumb\":{\"@id\":\"https:\/\/openspaceconsulting.com\/en\/services\/leadership-development\/#breadcrumb\"},\"inLanguage\":\"en-US\",\"potentialAction\":[{\"@type\":\"ReadAction\",\"target\":[\"https:\/\/openspaceconsulting.com\/en\/services\/leadership-development\/\"]}]},{\"@type\":\"ImageObject\",\"inLanguage\":\"en-US\",\"@id\":\"https:\/\/openspaceconsulting.com\/en\/services\/leadership-development\/#primaryimage\",\"url\":\"https:\/\/openspaceconsulting.com\/wp-content\/uploads\/2012\/09\/2003_0823_091014AA_bred_1.jpg\",\"contentUrl\":\"https:\/\/openspaceconsulting.com\/wp-content\/uploads\/2012\/09\/2003_0823_091014AA_bred_1.jpg\"},{\"@type\":\"BreadcrumbList\",\"@id\":\"https:\/\/openspaceconsulting.com\/en\/services\/leadership-development\/#breadcrumb\",\"itemListElement\":[{\"@type\":\"ListItem\",\"position\":1,\"name\":\"Home\",\"item\":\"https:\/\/openspaceconsulting.com\/\"},{\"@type\":\"ListItem\",\"position\":2,\"name\":\"Our services\",\"item\":\"https:\/\/openspaceconsulting.com\/en\/services\/\"},{\"@type\":\"ListItem\",\"position\":3,\"name\":\"Leadership development\"}]},{\"@type\":\"WebSite\",\"@id\":\"https:\/\/openspaceconsulting.com\/#website\",\"url\":\"https:\/\/openspaceconsulting.com\/\",\"name\":\"Open Space Consulting\",\"description\":\"Open Space Consulting frig\u00f6r livskraft i m\u00e4nniska, organisation &amp; samh\u00e4lle\",\"publisher\":{\"@id\":\"https:\/\/openspaceconsulting.com\/#organization\"},\"potentialAction\":[{\"@type\":\"SearchAction\",\"target\":{\"@type\":\"EntryPoint\",\"urlTemplate\":\"https:\/\/openspaceconsulting.com\/?s={search_term_string}\"},\"query-input\":{\"@type\":\"PropertyValueSpecification\",\"valueRequired\":true,\"valueName\":\"search_term_string\"}}],\"inLanguage\":\"en-US\"},{\"@type\":\"Organization\",\"@id\":\"https:\/\/openspaceconsulting.com\/#organization\",\"name\":\"Open Space Consulting AB\",\"url\":\"https:\/\/openspaceconsulting.com\/\",\"logo\":{\"@type\":\"ImageObject\",\"inLanguage\":\"en-US\",\"@id\":\"https:\/\/openspaceconsulting.com\/#\/schema\/logo\/image\/\",\"url\":\"https:\/\/openspaceconsulting.com\/wp-content\/uploads\/2020\/02\/logga-284px.png\",\"contentUrl\":\"https:\/\/openspaceconsulting.com\/wp-content\/uploads\/2020\/02\/logga-284px.png\",\"width\":284,\"height\":284,\"caption\":\"Open Space Consulting AB\"},\"image\":{\"@id\":\"https:\/\/openspaceconsulting.com\/#\/schema\/logo\/image\/\"},\"sameAs\":[\"https:\/\/www.facebook.com\/OpenSpaceConsulting\/\",\"https:\/\/x.com\/thomasherr\",\"https:\/\/www.linkedin.com\/in\/thomasherrmannopenspaceconsult\/\",\"https:\/\/www.youtube.com\/channel\/UCmLV1KM01JiGOp6I9qk7d3g\"]}]}<\/script>\n<!-- \/ Yoast SEO plugin. -->","yoast_head_json":{"title":"Leadership development - Open Space Consulting","description":"Powerful leadership is a key to creating success and health in an organization. Leadership can always be developed and strengthened among formal managers [...]","robots":{"index":"index","follow":"follow","max-snippet":"max-snippet:-1","max-image-preview":"max-image-preview:large","max-video-preview":"max-video-preview:-1"},"canonical":"https:\/\/openspaceconsulting.com\/en\/services\/leadership-development\/","og_locale":"en_US","og_type":"article","og_title":"Leadership development - Open Space Consulting","og_description":"Powerful leadership is a key to creating success and health in an organization. Leadership can always be developed and strengthened among formal managers [...]","og_url":"https:\/\/openspaceconsulting.com\/en\/services\/leadership-development\/","og_site_name":"Open Space Consulting","article_publisher":"https:\/\/www.facebook.com\/OpenSpaceConsulting\/","article_modified_time":"2023-06-14T07:44:47+00:00","og_image":[{"url":"https:\/\/openspaceconsulting.com\/wp-content\/uploads\/2012\/09\/2003_0823_091014AA_bred_1.jpg","type":"","width":"","height":""}],"twitter_card":"summary_large_image","twitter_site":"@thomasherr","twitter_misc":{"Est. reading time":"2 minutes"},"schema":{"@context":"https:\/\/schema.org","@graph":[{"@type":"WebPage","@id":"https:\/\/openspaceconsulting.com\/en\/services\/leadership-development\/","url":"https:\/\/openspaceconsulting.com\/en\/services\/leadership-development\/","name":"Leadership development - Open Space Consulting","isPartOf":{"@id":"https:\/\/openspaceconsulting.com\/#website"},"primaryImageOfPage":{"@id":"https:\/\/openspaceconsulting.com\/en\/services\/leadership-development\/#primaryimage"},"image":{"@id":"https:\/\/openspaceconsulting.com\/en\/services\/leadership-development\/#primaryimage"},"thumbnailUrl":"https:\/\/openspaceconsulting.com\/wp-content\/uploads\/2012\/09\/2003_0823_091014AA_bred_1.jpg","datePublished":"2023-06-14T07:42:37+00:00","dateModified":"2023-06-14T07:44:47+00:00","description":"Powerful leadership is a key to creating success and health in an organization. Leadership can always be developed and strengthened among formal managers [...]","breadcrumb":{"@id":"https:\/\/openspaceconsulting.com\/en\/services\/leadership-development\/#breadcrumb"},"inLanguage":"en-US","potentialAction":[{"@type":"ReadAction","target":["https:\/\/openspaceconsulting.com\/en\/services\/leadership-development\/"]}]},{"@type":"ImageObject","inLanguage":"en-US","@id":"https:\/\/openspaceconsulting.com\/en\/services\/leadership-development\/#primaryimage","url":"https:\/\/openspaceconsulting.com\/wp-content\/uploads\/2012\/09\/2003_0823_091014AA_bred_1.jpg","contentUrl":"https:\/\/openspaceconsulting.com\/wp-content\/uploads\/2012\/09\/2003_0823_091014AA_bred_1.jpg"},{"@type":"BreadcrumbList","@id":"https:\/\/openspaceconsulting.com\/en\/services\/leadership-development\/#breadcrumb","itemListElement":[{"@type":"ListItem","position":1,"name":"Home","item":"https:\/\/openspaceconsulting.com\/"},{"@type":"ListItem","position":2,"name":"Our services","item":"https:\/\/openspaceconsulting.com\/en\/services\/"},{"@type":"ListItem","position":3,"name":"Leadership development"}]},{"@type":"WebSite","@id":"https:\/\/openspaceconsulting.com\/#website","url":"https:\/\/openspaceconsulting.com\/","name":"Open Space Consulting","description":"Open Space Consulting frig\u00f6r livskraft i m\u00e4nniska, organisation &amp; samh\u00e4lle","publisher":{"@id":"https:\/\/openspaceconsulting.com\/#organization"},"potentialAction":[{"@type":"SearchAction","target":{"@type":"EntryPoint","urlTemplate":"https:\/\/openspaceconsulting.com\/?s={search_term_string}"},"query-input":{"@type":"PropertyValueSpecification","valueRequired":true,"valueName":"search_term_string"}}],"inLanguage":"en-US"},{"@type":"Organization","@id":"https:\/\/openspaceconsulting.com\/#organization","name":"Open Space Consulting AB","url":"https:\/\/openspaceconsulting.com\/","logo":{"@type":"ImageObject","inLanguage":"en-US","@id":"https:\/\/openspaceconsulting.com\/#\/schema\/logo\/image\/","url":"https:\/\/openspaceconsulting.com\/wp-content\/uploads\/2020\/02\/logga-284px.png","contentUrl":"https:\/\/openspaceconsulting.com\/wp-content\/uploads\/2020\/02\/logga-284px.png","width":284,"height":284,"caption":"Open Space Consulting AB"},"image":{"@id":"https:\/\/openspaceconsulting.com\/#\/schema\/logo\/image\/"},"sameAs":["https:\/\/www.facebook.com\/OpenSpaceConsulting\/","https:\/\/x.com\/thomasherr","https:\/\/www.linkedin.com\/in\/thomasherrmannopenspaceconsult\/","https:\/\/www.youtube.com\/channel\/UCmLV1KM01JiGOp6I9qk7d3g"]}]}},"jetpack_sharing_enabled":true,"_links":{"self":[{"href":"https:\/\/openspaceconsulting.com\/en\/wp-json\/wp\/v2\/pages\/7240","targetHints":{"allow":["GET"]}}],"collection":[{"href":"https:\/\/openspaceconsulting.com\/en\/wp-json\/wp\/v2\/pages"}],"about":[{"href":"https:\/\/openspaceconsulting.com\/en\/wp-json\/wp\/v2\/types\/page"}],"author":[{"embeddable":true,"href":"https:\/\/openspaceconsulting.com\/en\/wp-json\/wp\/v2\/users\/2"}],"replies":[{"embeddable":true,"href":"https:\/\/openspaceconsulting.com\/en\/wp-json\/wp\/v2\/comments?post=7240"}],"version-history":[{"count":3,"href":"https:\/\/openspaceconsulting.com\/en\/wp-json\/wp\/v2\/pages\/7240\/revisions"}],"predecessor-version":[{"id":7244,"href":"https:\/\/openspaceconsulting.com\/en\/wp-json\/wp\/v2\/pages\/7240\/revisions\/7244"}],"up":[{"embeddable":true,"href":"https:\/\/openspaceconsulting.com\/en\/wp-json\/wp\/v2\/pages\/5768"}],"wp:attachment":[{"href":"https:\/\/openspaceconsulting.com\/en\/wp-json\/wp\/v2\/media?parent=7240"}],"curies":[{"name":"wp","href":"https:\/\/api.w.org\/{rel}","templated":true}]}}