{"id":6153,"date":"2012-09-22T13:30:27","date_gmt":"2012-09-22T11:30:27","guid":{"rendered":"https:\/\/openspaceconsulting.com\/services\/business-development\/the-genuine-contact-program-3"},"modified":"2026-01-23T22:04:57","modified_gmt":"2026-01-23T21:04:57","slug":"the-genuine-contact-program-3","status":"publish","type":"page","link":"https:\/\/openspaceconsulting.com\/en\/services\/business-development\/the-genuine-contact-program-3\/","title":{"rendered":"The Genuine Contact\u2122 Way"},"content":{"rendered":"<h3><span style=\"font-size: large;\">The Genuine Contact\u2122 Way &#8211; a holistic path to organizational success<\/span><\/h3>\n<div>\n<p>The program is a vehicle to build skills and abilities within your organization, to work with change. It is intended to keep the involvement of external consultants to a minimum by building capacity internally and providing mentorship. In this way, the change process is led from within the organization, when a conscious learning organization develops.<\/p>\n<p>The Genuine Contact Way benefits organizations and the people within organizations, by providing effective and timely ways to bring out the genuine issues and the real solutions for sustainable and healthy growth. The solutions come from the collective knowledge of the people in the organization and by releasing the commitment needed for implementation.<\/p>\n<p><a href=\"https:\/\/openspaceconsulting.com\/wp-content\/uploads\/2019\/03\/untitled-546x259.png\"><img loading=\"lazy\" decoding=\"async\" class=\"aligncenter size-large wp-image-4984\" src=\"https:\/\/openspaceconsulting.com\/wp-content\/uploads\/2019\/03\/untitled-546x259.png\" alt=\"\" width=\"546\" height=\"259\" srcset=\"https:\/\/openspaceconsulting.com\/wp-content\/uploads\/2019\/03\/untitled-546x259.png 546w, https:\/\/openspaceconsulting.com\/wp-content\/uploads\/2019\/03\/untitled-292x138.png 292w, https:\/\/openspaceconsulting.com\/wp-content\/uploads\/2019\/03\/untitled-768x364.png 768w, https:\/\/openspaceconsulting.com\/wp-content\/uploads\/2019\/03\/untitled-1536x727.png 1536w, https:\/\/openspaceconsulting.com\/wp-content\/uploads\/2019\/03\/untitled-2048x970.png 2048w\" sizes=\"auto, (max-width: 546px) 100vw, 546px\" \/><\/a><\/p>\n<p>Once the components of the program are implemented, all parts of the organization have the necessary tools to identify problems, find the solutions, and to communicate the results to the rest of the organization. This will provide support and eagerness for change instead of resistance based on fears.<\/p>\n<p>Health and balance is a prerequisite for organizations and people to be able to work effectively and develop in a rapidly changing world. The code for health and balance already exists but needs to be rediscovered. This requires profound change that can only be made from within the organization (or individual).<\/p>\n<p>Opportunities for reflection and joint learning is built into the work pattern \u2013 a holistic view is developed in the organization. Employees are given the space to take their own initiatives and take more responsibility. They build the ability to work in change. Everyone&#8217;s equal value is recognized and space is created for genuine meetings, in everyday life. When all parts of the organization work together, the business becomes efficient and resultoriented.<\/p>\n<p>The Genuine Contact Way was developed by Birgitt and Ward Williams, Dalar International. Linked to the program is a network for mentorship, where individuals and organizations can learn from each other. We offer <a href=\"https:\/\/openspaceconsulting.com\/en\/services\/trainings\/\">\u00a0the program&#8217;s trainings<\/a>: Three basic workshops, four parts for competence development and the authorization course, as public trainings as well as internally in your organization. Attend our <a href=\"https:\/\/openspaceconsulting.com\/open-space-consulting-aktiviteter\/aktiviteter-anmalan\/\">public trainings<\/a> or <a href=\"https:\/\/openspaceconsulting.com\/en\/contact-us\/\">get in touch<\/a> for a proposal.<\/p>\n<p>Welcome to visit our <a href=\"https:\/\/genuinecontact.net\/\">international website!<\/a><\/p>\n<\/div>\n<div>.<\/div>\n","protected":false},"excerpt":{"rendered":"<p>The Genuine Contact\u2122 Way &#8211; a holistic path to organizational success The program is a vehicle to build skills and abilities within your organization, to work with change. It is intended to keep the involvement of external consultants to a minimum by building capacity internally and providing mentorship. In this way, the change process is [&hellip;]<\/p>\n","protected":false},"author":3,"featured_media":0,"parent":5780,"menu_order":0,"comment_status":"closed","ping_status":"closed","template":"","meta":{"_acf_changed":false,"_genesis_hide_title":false,"_genesis_hide_breadcrumbs":false,"_genesis_hide_singular_image":false,"_genesis_hide_footer_widgets":false,"_genesis_custom_body_class":"","_genesis_custom_post_class":"","_genesis_layout":"full-width-content","jetpack_post_was_ever_published":false,"footnotes":"","_links_to":"","_links_to_target":""},"class_list":{"0":"post-6153","1":"page","2":"type-page","3":"status-publish","5":"entry"},"acf":[],"yoast_head":"<!-- This site is optimized with the Yoast SEO plugin v25.1 - https:\/\/yoast.com\/wordpress\/plugins\/seo\/ -->\n<title>The Genuine Contact\u2122 program - Open Space Consulting<\/title>\n<meta name=\"description\" content=\"The Genuine Contact\u2122 Way - a holistic path to organizational success The program is a vehicle to build skills and abilities within your organization, to [...]\" \/>\n<meta name=\"robots\" content=\"index, follow, max-snippet:-1, max-image-preview:large, max-video-preview:-1\" \/>\n<link rel=\"canonical\" href=\"https:\/\/openspaceconsulting.com\/en\/services\/business-development\/the-genuine-contact-program-3\/\" \/>\n<meta property=\"og:locale\" content=\"en_US\" \/>\n<meta property=\"og:type\" content=\"article\" \/>\n<meta property=\"og:title\" content=\"The Genuine Contact\u2122 program - Open Space Consulting\" \/>\n<meta property=\"og:description\" content=\"The Genuine Contact\u2122 Way - a holistic path to organizational success The program is a vehicle to build skills and abilities within your organization, to [...]\" \/>\n<meta property=\"og:url\" content=\"https:\/\/openspaceconsulting.com\/en\/services\/business-development\/the-genuine-contact-program-3\/\" \/>\n<meta property=\"og:site_name\" content=\"Open Space Consulting\" \/>\n<meta property=\"article:publisher\" content=\"https:\/\/www.facebook.com\/OpenSpaceConsulting\/\" \/>\n<meta property=\"article:modified_time\" content=\"2026-01-23T21:04:57+00:00\" \/>\n<meta property=\"og:image\" content=\"https:\/\/openspaceconsulting.com\/wp-content\/uploads\/2019\/03\/untitled-546x259.png\" \/>\n\t<meta property=\"og:image:width\" content=\"546\" \/>\n\t<meta property=\"og:image:height\" content=\"259\" \/>\n\t<meta property=\"og:image:type\" content=\"image\/png\" \/>\n<meta name=\"twitter:card\" content=\"summary_large_image\" \/>\n<meta name=\"twitter:site\" content=\"@thomasherr\" \/>\n<meta name=\"twitter:label1\" content=\"Est. reading time\" \/>\n\t<meta name=\"twitter:data1\" content=\"3 minutes\" \/>\n<script type=\"application\/ld+json\" class=\"yoast-schema-graph\">{\"@context\":\"https:\/\/schema.org\",\"@graph\":[{\"@type\":\"WebPage\",\"@id\":\"https:\/\/openspaceconsulting.com\/en\/services\/business-development\/the-genuine-contact-program-3\/\",\"url\":\"https:\/\/openspaceconsulting.com\/en\/services\/business-development\/the-genuine-contact-program-3\/\",\"name\":\"The Genuine Contact\u2122 program - Open Space Consulting\",\"isPartOf\":{\"@id\":\"https:\/\/openspaceconsulting.com\/#website\"},\"primaryImageOfPage\":{\"@id\":\"https:\/\/openspaceconsulting.com\/en\/services\/business-development\/the-genuine-contact-program-3\/#primaryimage\"},\"image\":{\"@id\":\"https:\/\/openspaceconsulting.com\/en\/services\/business-development\/the-genuine-contact-program-3\/#primaryimage\"},\"thumbnailUrl\":\"https:\/\/openspaceconsulting.com\/wp-content\/uploads\/2019\/03\/untitled-546x259.png\",\"datePublished\":\"2012-09-22T11:30:27+00:00\",\"dateModified\":\"2026-01-23T21:04:57+00:00\",\"description\":\"The Genuine Contact\u2122 Way - a holistic path to organizational success The program is a vehicle to build skills and abilities within your organization, to [...]\",\"breadcrumb\":{\"@id\":\"https:\/\/openspaceconsulting.com\/en\/services\/business-development\/the-genuine-contact-program-3\/#breadcrumb\"},\"inLanguage\":\"en-US\",\"potentialAction\":[{\"@type\":\"ReadAction\",\"target\":[\"https:\/\/openspaceconsulting.com\/en\/services\/business-development\/the-genuine-contact-program-3\/\"]}]},{\"@type\":\"ImageObject\",\"inLanguage\":\"en-US\",\"@id\":\"https:\/\/openspaceconsulting.com\/en\/services\/business-development\/the-genuine-contact-program-3\/#primaryimage\",\"url\":\"https:\/\/openspaceconsulting.com\/wp-content\/uploads\/2019\/03\/untitled-546x259.png\",\"contentUrl\":\"https:\/\/openspaceconsulting.com\/wp-content\/uploads\/2019\/03\/untitled-546x259.png\"},{\"@type\":\"BreadcrumbList\",\"@id\":\"https:\/\/openspaceconsulting.com\/en\/services\/business-development\/the-genuine-contact-program-3\/#breadcrumb\",\"itemListElement\":[{\"@type\":\"ListItem\",\"position\":1,\"name\":\"Home\",\"item\":\"https:\/\/openspaceconsulting.com\/\"},{\"@type\":\"ListItem\",\"position\":2,\"name\":\"Our services\",\"item\":\"https:\/\/openspaceconsulting.com\/en\/services\/\"},{\"@type\":\"ListItem\",\"position\":3,\"name\":\"Organizational Development\",\"item\":\"https:\/\/openspaceconsulting.com\/en\/services\/business-development\/\"},{\"@type\":\"ListItem\",\"position\":4,\"name\":\"The Genuine Contact\u2122 Way\"}]},{\"@type\":\"WebSite\",\"@id\":\"https:\/\/openspaceconsulting.com\/#website\",\"url\":\"https:\/\/openspaceconsulting.com\/\",\"name\":\"Open Space Consulting\",\"description\":\"Open Space Consulting frig\u00f6r livskraft i m\u00e4nniska, organisation &amp; samh\u00e4lle\",\"publisher\":{\"@id\":\"https:\/\/openspaceconsulting.com\/#organization\"},\"potentialAction\":[{\"@type\":\"SearchAction\",\"target\":{\"@type\":\"EntryPoint\",\"urlTemplate\":\"https:\/\/openspaceconsulting.com\/?s={search_term_string}\"},\"query-input\":{\"@type\":\"PropertyValueSpecification\",\"valueRequired\":true,\"valueName\":\"search_term_string\"}}],\"inLanguage\":\"en-US\"},{\"@type\":\"Organization\",\"@id\":\"https:\/\/openspaceconsulting.com\/#organization\",\"name\":\"Open Space Consulting AB\",\"url\":\"https:\/\/openspaceconsulting.com\/\",\"logo\":{\"@type\":\"ImageObject\",\"inLanguage\":\"en-US\",\"@id\":\"https:\/\/openspaceconsulting.com\/#\/schema\/logo\/image\/\",\"url\":\"https:\/\/openspaceconsulting.com\/wp-content\/uploads\/2020\/02\/logga-284px.png\",\"contentUrl\":\"https:\/\/openspaceconsulting.com\/wp-content\/uploads\/2020\/02\/logga-284px.png\",\"width\":284,\"height\":284,\"caption\":\"Open Space Consulting AB\"},\"image\":{\"@id\":\"https:\/\/openspaceconsulting.com\/#\/schema\/logo\/image\/\"},\"sameAs\":[\"https:\/\/www.facebook.com\/OpenSpaceConsulting\/\",\"https:\/\/x.com\/thomasherr\",\"https:\/\/www.linkedin.com\/in\/thomasherrmannopenspaceconsult\/\",\"https:\/\/www.youtube.com\/channel\/UCmLV1KM01JiGOp6I9qk7d3g\"]}]}<\/script>\n<!-- \/ Yoast SEO plugin. -->","yoast_head_json":{"title":"The Genuine Contact\u2122 program - Open Space Consulting","description":"The Genuine Contact\u2122 Way - a holistic path to organizational success The program is a vehicle to build skills and abilities within your organization, to [...]","robots":{"index":"index","follow":"follow","max-snippet":"max-snippet:-1","max-image-preview":"max-image-preview:large","max-video-preview":"max-video-preview:-1"},"canonical":"https:\/\/openspaceconsulting.com\/en\/services\/business-development\/the-genuine-contact-program-3\/","og_locale":"en_US","og_type":"article","og_title":"The Genuine Contact\u2122 program - Open Space Consulting","og_description":"The Genuine Contact\u2122 Way - a holistic path to organizational success The program is a vehicle to build skills and abilities within your organization, to [...]","og_url":"https:\/\/openspaceconsulting.com\/en\/services\/business-development\/the-genuine-contact-program-3\/","og_site_name":"Open Space Consulting","article_publisher":"https:\/\/www.facebook.com\/OpenSpaceConsulting\/","article_modified_time":"2026-01-23T21:04:57+00:00","og_image":[{"width":546,"height":259,"url":"https:\/\/openspaceconsulting.com\/wp-content\/uploads\/2019\/03\/untitled-546x259.png","type":"image\/png"}],"twitter_card":"summary_large_image","twitter_site":"@thomasherr","twitter_misc":{"Est. reading time":"3 minutes"},"schema":{"@context":"https:\/\/schema.org","@graph":[{"@type":"WebPage","@id":"https:\/\/openspaceconsulting.com\/en\/services\/business-development\/the-genuine-contact-program-3\/","url":"https:\/\/openspaceconsulting.com\/en\/services\/business-development\/the-genuine-contact-program-3\/","name":"The Genuine Contact\u2122 program - Open Space Consulting","isPartOf":{"@id":"https:\/\/openspaceconsulting.com\/#website"},"primaryImageOfPage":{"@id":"https:\/\/openspaceconsulting.com\/en\/services\/business-development\/the-genuine-contact-program-3\/#primaryimage"},"image":{"@id":"https:\/\/openspaceconsulting.com\/en\/services\/business-development\/the-genuine-contact-program-3\/#primaryimage"},"thumbnailUrl":"https:\/\/openspaceconsulting.com\/wp-content\/uploads\/2019\/03\/untitled-546x259.png","datePublished":"2012-09-22T11:30:27+00:00","dateModified":"2026-01-23T21:04:57+00:00","description":"The Genuine Contact\u2122 Way - a holistic path to organizational success The program is a vehicle to build skills and abilities within your organization, to [...]","breadcrumb":{"@id":"https:\/\/openspaceconsulting.com\/en\/services\/business-development\/the-genuine-contact-program-3\/#breadcrumb"},"inLanguage":"en-US","potentialAction":[{"@type":"ReadAction","target":["https:\/\/openspaceconsulting.com\/en\/services\/business-development\/the-genuine-contact-program-3\/"]}]},{"@type":"ImageObject","inLanguage":"en-US","@id":"https:\/\/openspaceconsulting.com\/en\/services\/business-development\/the-genuine-contact-program-3\/#primaryimage","url":"https:\/\/openspaceconsulting.com\/wp-content\/uploads\/2019\/03\/untitled-546x259.png","contentUrl":"https:\/\/openspaceconsulting.com\/wp-content\/uploads\/2019\/03\/untitled-546x259.png"},{"@type":"BreadcrumbList","@id":"https:\/\/openspaceconsulting.com\/en\/services\/business-development\/the-genuine-contact-program-3\/#breadcrumb","itemListElement":[{"@type":"ListItem","position":1,"name":"Home","item":"https:\/\/openspaceconsulting.com\/"},{"@type":"ListItem","position":2,"name":"Our services","item":"https:\/\/openspaceconsulting.com\/en\/services\/"},{"@type":"ListItem","position":3,"name":"Organizational Development","item":"https:\/\/openspaceconsulting.com\/en\/services\/business-development\/"},{"@type":"ListItem","position":4,"name":"The Genuine Contact\u2122 Way"}]},{"@type":"WebSite","@id":"https:\/\/openspaceconsulting.com\/#website","url":"https:\/\/openspaceconsulting.com\/","name":"Open Space Consulting","description":"Open Space Consulting frig\u00f6r livskraft i m\u00e4nniska, organisation &amp; samh\u00e4lle","publisher":{"@id":"https:\/\/openspaceconsulting.com\/#organization"},"potentialAction":[{"@type":"SearchAction","target":{"@type":"EntryPoint","urlTemplate":"https:\/\/openspaceconsulting.com\/?s={search_term_string}"},"query-input":{"@type":"PropertyValueSpecification","valueRequired":true,"valueName":"search_term_string"}}],"inLanguage":"en-US"},{"@type":"Organization","@id":"https:\/\/openspaceconsulting.com\/#organization","name":"Open Space Consulting AB","url":"https:\/\/openspaceconsulting.com\/","logo":{"@type":"ImageObject","inLanguage":"en-US","@id":"https:\/\/openspaceconsulting.com\/#\/schema\/logo\/image\/","url":"https:\/\/openspaceconsulting.com\/wp-content\/uploads\/2020\/02\/logga-284px.png","contentUrl":"https:\/\/openspaceconsulting.com\/wp-content\/uploads\/2020\/02\/logga-284px.png","width":284,"height":284,"caption":"Open Space Consulting AB"},"image":{"@id":"https:\/\/openspaceconsulting.com\/#\/schema\/logo\/image\/"},"sameAs":["https:\/\/www.facebook.com\/OpenSpaceConsulting\/","https:\/\/x.com\/thomasherr","https:\/\/www.linkedin.com\/in\/thomasherrmannopenspaceconsult\/","https:\/\/www.youtube.com\/channel\/UCmLV1KM01JiGOp6I9qk7d3g"]}]}},"jetpack_sharing_enabled":true,"_links":{"self":[{"href":"https:\/\/openspaceconsulting.com\/en\/wp-json\/wp\/v2\/pages\/6153","targetHints":{"allow":["GET"]}}],"collection":[{"href":"https:\/\/openspaceconsulting.com\/en\/wp-json\/wp\/v2\/pages"}],"about":[{"href":"https:\/\/openspaceconsulting.com\/en\/wp-json\/wp\/v2\/types\/page"}],"author":[{"embeddable":true,"href":"https:\/\/openspaceconsulting.com\/en\/wp-json\/wp\/v2\/users\/3"}],"replies":[{"embeddable":true,"href":"https:\/\/openspaceconsulting.com\/en\/wp-json\/wp\/v2\/comments?post=6153"}],"version-history":[{"count":4,"href":"https:\/\/openspaceconsulting.com\/en\/wp-json\/wp\/v2\/pages\/6153\/revisions"}],"predecessor-version":[{"id":9374,"href":"https:\/\/openspaceconsulting.com\/en\/wp-json\/wp\/v2\/pages\/6153\/revisions\/9374"}],"up":[{"embeddable":true,"href":"https:\/\/openspaceconsulting.com\/en\/wp-json\/wp\/v2\/pages\/5780"}],"wp:attachment":[{"href":"https:\/\/openspaceconsulting.com\/en\/wp-json\/wp\/v2\/media?parent=6153"}],"curies":[{"name":"wp","href":"https:\/\/api.w.org\/{rel}","templated":true}]}}