{"id":5881,"date":"2012-09-22T13:30:27","date_gmt":"2012-09-22T11:30:27","guid":{"rendered":"https:\/\/openspaceconsulting.com\/?page_id=67"},"modified":"2012-09-22T13:30:27","modified_gmt":"2012-09-22T11:30:27","slug":"the-genuine-contact-program-2","status":"publish","type":"page","link":"https:\/\/openspaceconsulting.com\/en\/vara-tjanster\/verksamhetsutveckling\/the-genuine-contact-program-2\/","title":{"rendered":"The Genuine Contact&#x2122; program"},"content":{"rendered":"<p><span style=\"font-size: large;\">The Genuine Contact&#x2122; program &#8211; en holistisk v\u00e4g till varaktig framg\u00e5ng f\u00f6r din verksamhet<\/span><\/p>\n<div>\n<p>Programmet syftar till att bygga upp f\u00e4rdigheter och f\u00f6rm\u00e5ga inom en organisation, att arbeta med f\u00f6r\u00e4ndring. Det \u00e4r avsett att h\u00e5lla inblandning av externa konsulter till ett minimum genom att bygga kapacitet internt och tillhandah\u00e5lla mentorskap. P\u00e5 s\u00e5 s\u00e4tt leds f\u00f6r\u00e4ndringsarbetet inifr\u00e5n organisationen n\u00e4r en medveten l\u00e4rande organisation utvecklas.<\/p>\n<p>The Genuine Contact program gagnar organisationer och m\u00e4nniskorna i organisationer, genom att tillhandah\u00e5lla effektiva och snabba verktyg f\u00f6r att ta fram de genuina fr\u00e5gest\u00e4llningar och de verkliga l\u00f6sningar f\u00f6r en h\u00e5llbar och sund tillv\u00e4xt. L\u00f6sningarna kommer fr\u00e5n den samlade kunskapen hos m\u00e4nniskorna i organisationen och genom att engagemanget som beh\u00f6vs f\u00f6r genomf\u00f6randet sl\u00e4pps fram.<\/p>\n<p><a href=\"https:\/\/openspaceconsulting.com\/wp-content\/uploads\/2019\/03\/untitled.png\"><img loading=\"lazy\" decoding=\"async\" class=\"aligncenter size-large wp-image-4984\" src=\"https:\/\/openspaceconsulting.com\/wp-content\/uploads\/2019\/03\/untitled-546x259.png\" alt=\"\" width=\"546\" height=\"259\" srcset=\"https:\/\/openspaceconsulting.com\/wp-content\/uploads\/2019\/03\/untitled-546x259.png 546w, https:\/\/openspaceconsulting.com\/wp-content\/uploads\/2019\/03\/untitled-292x138.png 292w, https:\/\/openspaceconsulting.com\/wp-content\/uploads\/2019\/03\/untitled-768x364.png 768w, https:\/\/openspaceconsulting.com\/wp-content\/uploads\/2019\/03\/untitled-1536x727.png 1536w, https:\/\/openspaceconsulting.com\/wp-content\/uploads\/2019\/03\/untitled-2048x970.png 2048w\" sizes=\"auto, (max-width: 546px) 100vw, 546px\" \/><\/a>N\u00e4r programmet har inf\u00f6rts s\u00e5 har alla organisationens delar de n\u00f6dv\u00e4ndiga verktygen f\u00f6r att identifiera problem, hitta l\u00f6sningarna och f\u00f6r att kommunicera resultaten till resten av organisationen. Detta kommer att ge st\u00f6d och iver f\u00f6r f\u00f6r\u00e4ndring ist\u00e4llet f\u00f6r motst\u00e5nd baserat p\u00e5 r\u00e4dslor.<\/p>\n<p>H\u00e4lsa och balans \u00e4r en f\u00f6ruts\u00e4ttning f\u00f6r att organisationer och m\u00e4nniskor ska kunna arbeta effektivt och utvecklas i en snabbt f\u00f6r\u00e4nderlig omv\u00e4rld. Koden f\u00f6r h\u00e4lsa och balans finns redan men beh\u00f6ver \u00e5teruppt\u00e4ckas. F\u00f6r detta kr\u00e4vs djupg\u00e5ende f\u00f6r\u00e4ndring som enbart kan g\u00f6ras inifr\u00e5n organisationen (eller individen).<\/p>\n<\/div>\n<div>Tillf\u00e4llen f\u00f6r reflektion och gemensamt l\u00e4rande byggs in i arbetsm\u00f6nstret &#8211; en helhetssyn utvecklas i organisationen. Medarbetarna f\u00e5r utrymme att ta egna initiativ och eget ansvar. De bygger upp f\u00f6rm\u00e5gan att arbeta i f\u00f6r\u00e4ndring. Allas lika v\u00e4rde erk\u00e4nns och utrymme skapas f\u00f6r genuine m\u00f6ten, i vardagen. N\u00e4r alla delar i organisationen samverkar blir verksamheten effektiv och resultatinriktad.<\/div>\n<div>.<\/div>\n<div>The Genuine Contact program har utvecklats av Birgitt och Ward Williams, Dalar International. Knutet till programmet finns ett n\u00e4tverk f\u00f6r mentorskap, d\u00e4r individer och organisationer kan l\u00e4ra av varandra. Vi erbjuder \u00a0<a title=\"Utbildning\" href=\"https:\/\/openspaceconsulting.com\/?page_id=71\">programmets\u00a0utbildningar<\/a>: Tre grundl\u00e4ggande workshops, fyra delar f\u00f6r kompetensutveckling samt auktorisationskursen,\u00a0som \u00f6ppna kurser likv\u00e4l som internt i er organisation. Delta i v\u00e5ra <a href=\"https:\/\/openspaceconsulting.com\/open-space-consulting-aktiviteter\">\u00f6ppna kurser<\/a> eller\u00a0<a title=\"Kontakta oss!\" href=\"https:\/\/openspaceconsulting.com\/om-open-space-consulting\/kontaktuppgifter-for-open-space-consulting\">kontakta oss<\/a> f\u00f6r en offert.<\/div>\n<div><\/div>\n<div>Bes\u00f6k g\u00e4rna v\u00e5r <a href=\"https:\/\/genuinecontact.net\/\">internationella hemsida!<\/a><\/div>\n<div>.<\/div>\n<div class=\"right-block\"><\/div>\n","protected":false},"excerpt":{"rendered":"<p>The Genuine Contact&#x2122; program &#8211; en holistisk v\u00e4g till varaktig framg\u00e5ng f\u00f6r din verksamhet Programmet syftar till att bygga upp f\u00e4rdigheter och f\u00f6rm\u00e5ga inom en organisation, att arbeta med f\u00f6r\u00e4ndring. Det \u00e4r avsett att h\u00e5lla inblandning av externa konsulter till ett minimum genom att bygga kapacitet internt och tillhandah\u00e5lla mentorskap. P\u00e5 s\u00e5 s\u00e4tt leds f\u00f6r\u00e4ndringsarbetet [&hellip;]<\/p>\n","protected":false},"author":3,"featured_media":0,"parent":58,"menu_order":0,"comment_status":"closed","ping_status":"closed","template":"","meta":{"_acf_changed":false,"_genesis_hide_title":false,"_genesis_hide_breadcrumbs":false,"_genesis_hide_singular_image":false,"_genesis_hide_footer_widgets":false,"_genesis_custom_body_class":"","_genesis_custom_post_class":"","_genesis_layout":"full-width-content","jetpack_post_was_ever_published":false,"footnotes":"","_links_to":"","_links_to_target":""},"class_list":{"0":"post-5881","1":"page","2":"type-page","3":"status-publish","5":"entry"},"acf":[],"yoast_head":"<!-- This site is optimized with the Yoast SEO plugin v25.1 - https:\/\/yoast.com\/wordpress\/plugins\/seo\/ -->\n<title>The Genuine Contact\u2122 program - Open Space Consulting<\/title>\n<meta name=\"description\" content=\"The Genuine Contact&#x2122; program - en holistisk v\u00e4g till varaktig framg\u00e5ng f\u00f6r din verksamhet Programmet syftar till att bygga upp f\u00e4rdigheter och [...]\" \/>\n<meta name=\"robots\" content=\"index, follow, max-snippet:-1, max-image-preview:large, max-video-preview:-1\" \/>\n<link rel=\"canonical\" href=\"https:\/\/openspaceconsulting.com\/en\/vara-tjanster\/verksamhetsutveckling\/the-genuine-contact-program-2\/\" \/>\n<meta property=\"og:locale\" content=\"en_US\" \/>\n<meta property=\"og:type\" content=\"article\" \/>\n<meta property=\"og:title\" content=\"The Genuine Contact\u2122 program - Open Space Consulting\" \/>\n<meta property=\"og:description\" content=\"The Genuine Contact&#x2122; program - en holistisk v\u00e4g till varaktig framg\u00e5ng f\u00f6r din verksamhet Programmet syftar till att bygga upp f\u00e4rdigheter och [...]\" \/>\n<meta property=\"og:url\" content=\"https:\/\/openspaceconsulting.com\/en\/vara-tjanster\/verksamhetsutveckling\/the-genuine-contact-program-2\/\" \/>\n<meta property=\"og:site_name\" content=\"Open Space Consulting\" \/>\n<meta property=\"article:publisher\" content=\"https:\/\/www.facebook.com\/OpenSpaceConsulting\/\" \/>\n<meta property=\"og:image\" content=\"https:\/\/openspaceconsulting.com\/wp-content\/uploads\/2019\/03\/untitled-546x259.png\" \/>\n<meta name=\"twitter:card\" content=\"summary_large_image\" \/>\n<meta name=\"twitter:site\" content=\"@thomasherr\" \/>\n<meta name=\"twitter:label1\" content=\"Est. reading time\" \/>\n\t<meta name=\"twitter:data1\" content=\"2 minutes\" \/>\n<script type=\"application\/ld+json\" class=\"yoast-schema-graph\">{\"@context\":\"https:\/\/schema.org\",\"@graph\":[{\"@type\":\"WebPage\",\"@id\":\"https:\/\/openspaceconsulting.com\/en\/vara-tjanster\/verksamhetsutveckling\/the-genuine-contact-program-2\/\",\"url\":\"https:\/\/openspaceconsulting.com\/en\/vara-tjanster\/verksamhetsutveckling\/the-genuine-contact-program-2\/\",\"name\":\"The Genuine Contact\u2122 program - Open Space Consulting\",\"isPartOf\":{\"@id\":\"https:\/\/openspaceconsulting.com\/#website\"},\"primaryImageOfPage\":{\"@id\":\"https:\/\/openspaceconsulting.com\/en\/vara-tjanster\/verksamhetsutveckling\/the-genuine-contact-program-2\/#primaryimage\"},\"image\":{\"@id\":\"https:\/\/openspaceconsulting.com\/en\/vara-tjanster\/verksamhetsutveckling\/the-genuine-contact-program-2\/#primaryimage\"},\"thumbnailUrl\":\"https:\/\/openspaceconsulting.com\/wp-content\/uploads\/2019\/03\/untitled-546x259.png\",\"datePublished\":\"2012-09-22T11:30:27+00:00\",\"description\":\"The Genuine Contact&#x2122; program - en holistisk v\u00e4g till varaktig framg\u00e5ng f\u00f6r din verksamhet Programmet syftar till att bygga upp f\u00e4rdigheter och [...]\",\"breadcrumb\":{\"@id\":\"https:\/\/openspaceconsulting.com\/en\/vara-tjanster\/verksamhetsutveckling\/the-genuine-contact-program-2\/#breadcrumb\"},\"inLanguage\":\"en-US\",\"potentialAction\":[{\"@type\":\"ReadAction\",\"target\":[\"https:\/\/openspaceconsulting.com\/en\/vara-tjanster\/verksamhetsutveckling\/the-genuine-contact-program-2\/\"]}]},{\"@type\":\"ImageObject\",\"inLanguage\":\"en-US\",\"@id\":\"https:\/\/openspaceconsulting.com\/en\/vara-tjanster\/verksamhetsutveckling\/the-genuine-contact-program-2\/#primaryimage\",\"url\":\"https:\/\/openspaceconsulting.com\/wp-content\/uploads\/2019\/03\/untitled-546x259.png\",\"contentUrl\":\"https:\/\/openspaceconsulting.com\/wp-content\/uploads\/2019\/03\/untitled-546x259.png\"},{\"@type\":\"BreadcrumbList\",\"@id\":\"https:\/\/openspaceconsulting.com\/en\/vara-tjanster\/verksamhetsutveckling\/the-genuine-contact-program-2\/#breadcrumb\",\"itemListElement\":[{\"@type\":\"ListItem\",\"position\":1,\"name\":\"Home\",\"item\":\"https:\/\/openspaceconsulting.com\/\"},{\"@type\":\"ListItem\",\"position\":2,\"name\":\"V\u00e5ra Tj\u00e4nster\",\"item\":\"https:\/\/openspaceconsulting.com\/vara-tjanster\/\"},{\"@type\":\"ListItem\",\"position\":3,\"name\":\"Verksamhetsutveckling\",\"item\":\"https:\/\/openspaceconsulting.com\/vara-tjanster\/verksamhetsutveckling\/\"},{\"@type\":\"ListItem\",\"position\":4,\"name\":\"The Genuine Contact&#x2122; program\"}]},{\"@type\":\"WebSite\",\"@id\":\"https:\/\/openspaceconsulting.com\/#website\",\"url\":\"https:\/\/openspaceconsulting.com\/\",\"name\":\"Open Space Consulting\",\"description\":\"Open Space Consulting frig\u00f6r livskraft i m\u00e4nniska, organisation &amp; samh\u00e4lle\",\"publisher\":{\"@id\":\"https:\/\/openspaceconsulting.com\/#organization\"},\"potentialAction\":[{\"@type\":\"SearchAction\",\"target\":{\"@type\":\"EntryPoint\",\"urlTemplate\":\"https:\/\/openspaceconsulting.com\/?s={search_term_string}\"},\"query-input\":{\"@type\":\"PropertyValueSpecification\",\"valueRequired\":true,\"valueName\":\"search_term_string\"}}],\"inLanguage\":\"en-US\"},{\"@type\":\"Organization\",\"@id\":\"https:\/\/openspaceconsulting.com\/#organization\",\"name\":\"Open Space Consulting AB\",\"url\":\"https:\/\/openspaceconsulting.com\/\",\"logo\":{\"@type\":\"ImageObject\",\"inLanguage\":\"en-US\",\"@id\":\"https:\/\/openspaceconsulting.com\/#\/schema\/logo\/image\/\",\"url\":\"https:\/\/openspaceconsulting.com\/wp-content\/uploads\/2020\/02\/logga-284px.png\",\"contentUrl\":\"https:\/\/openspaceconsulting.com\/wp-content\/uploads\/2020\/02\/logga-284px.png\",\"width\":284,\"height\":284,\"caption\":\"Open Space Consulting AB\"},\"image\":{\"@id\":\"https:\/\/openspaceconsulting.com\/#\/schema\/logo\/image\/\"},\"sameAs\":[\"https:\/\/www.facebook.com\/OpenSpaceConsulting\/\",\"https:\/\/x.com\/thomasherr\",\"https:\/\/www.linkedin.com\/in\/thomasherrmannopenspaceconsult\/\",\"https:\/\/www.youtube.com\/channel\/UCmLV1KM01JiGOp6I9qk7d3g\"]}]}<\/script>\n<!-- \/ Yoast SEO plugin. -->","yoast_head_json":{"title":"The Genuine Contact\u2122 program - Open Space Consulting","description":"The Genuine Contact&#x2122; program - en holistisk v\u00e4g till varaktig framg\u00e5ng f\u00f6r din verksamhet Programmet syftar till att bygga upp f\u00e4rdigheter och [...]","robots":{"index":"index","follow":"follow","max-snippet":"max-snippet:-1","max-image-preview":"max-image-preview:large","max-video-preview":"max-video-preview:-1"},"canonical":"https:\/\/openspaceconsulting.com\/en\/vara-tjanster\/verksamhetsutveckling\/the-genuine-contact-program-2\/","og_locale":"en_US","og_type":"article","og_title":"The Genuine Contact\u2122 program - Open Space Consulting","og_description":"The Genuine Contact&#x2122; program - en holistisk v\u00e4g till varaktig framg\u00e5ng f\u00f6r din verksamhet Programmet syftar till att bygga upp f\u00e4rdigheter och [...]","og_url":"https:\/\/openspaceconsulting.com\/en\/vara-tjanster\/verksamhetsutveckling\/the-genuine-contact-program-2\/","og_site_name":"Open Space Consulting","article_publisher":"https:\/\/www.facebook.com\/OpenSpaceConsulting\/","og_image":[{"url":"https:\/\/openspaceconsulting.com\/wp-content\/uploads\/2019\/03\/untitled-546x259.png","type":"","width":"","height":""}],"twitter_card":"summary_large_image","twitter_site":"@thomasherr","twitter_misc":{"Est. reading time":"2 minutes"},"schema":{"@context":"https:\/\/schema.org","@graph":[{"@type":"WebPage","@id":"https:\/\/openspaceconsulting.com\/en\/vara-tjanster\/verksamhetsutveckling\/the-genuine-contact-program-2\/","url":"https:\/\/openspaceconsulting.com\/en\/vara-tjanster\/verksamhetsutveckling\/the-genuine-contact-program-2\/","name":"The Genuine Contact\u2122 program - Open Space Consulting","isPartOf":{"@id":"https:\/\/openspaceconsulting.com\/#website"},"primaryImageOfPage":{"@id":"https:\/\/openspaceconsulting.com\/en\/vara-tjanster\/verksamhetsutveckling\/the-genuine-contact-program-2\/#primaryimage"},"image":{"@id":"https:\/\/openspaceconsulting.com\/en\/vara-tjanster\/verksamhetsutveckling\/the-genuine-contact-program-2\/#primaryimage"},"thumbnailUrl":"https:\/\/openspaceconsulting.com\/wp-content\/uploads\/2019\/03\/untitled-546x259.png","datePublished":"2012-09-22T11:30:27+00:00","description":"The Genuine Contact&#x2122; program - en holistisk v\u00e4g till varaktig framg\u00e5ng f\u00f6r din verksamhet Programmet syftar till att bygga upp f\u00e4rdigheter och [...]","breadcrumb":{"@id":"https:\/\/openspaceconsulting.com\/en\/vara-tjanster\/verksamhetsutveckling\/the-genuine-contact-program-2\/#breadcrumb"},"inLanguage":"en-US","potentialAction":[{"@type":"ReadAction","target":["https:\/\/openspaceconsulting.com\/en\/vara-tjanster\/verksamhetsutveckling\/the-genuine-contact-program-2\/"]}]},{"@type":"ImageObject","inLanguage":"en-US","@id":"https:\/\/openspaceconsulting.com\/en\/vara-tjanster\/verksamhetsutveckling\/the-genuine-contact-program-2\/#primaryimage","url":"https:\/\/openspaceconsulting.com\/wp-content\/uploads\/2019\/03\/untitled-546x259.png","contentUrl":"https:\/\/openspaceconsulting.com\/wp-content\/uploads\/2019\/03\/untitled-546x259.png"},{"@type":"BreadcrumbList","@id":"https:\/\/openspaceconsulting.com\/en\/vara-tjanster\/verksamhetsutveckling\/the-genuine-contact-program-2\/#breadcrumb","itemListElement":[{"@type":"ListItem","position":1,"name":"Home","item":"https:\/\/openspaceconsulting.com\/"},{"@type":"ListItem","position":2,"name":"V\u00e5ra Tj\u00e4nster","item":"https:\/\/openspaceconsulting.com\/vara-tjanster\/"},{"@type":"ListItem","position":3,"name":"Verksamhetsutveckling","item":"https:\/\/openspaceconsulting.com\/vara-tjanster\/verksamhetsutveckling\/"},{"@type":"ListItem","position":4,"name":"The Genuine Contact&#x2122; program"}]},{"@type":"WebSite","@id":"https:\/\/openspaceconsulting.com\/#website","url":"https:\/\/openspaceconsulting.com\/","name":"Open Space Consulting","description":"Open Space Consulting frig\u00f6r livskraft i m\u00e4nniska, organisation &amp; samh\u00e4lle","publisher":{"@id":"https:\/\/openspaceconsulting.com\/#organization"},"potentialAction":[{"@type":"SearchAction","target":{"@type":"EntryPoint","urlTemplate":"https:\/\/openspaceconsulting.com\/?s={search_term_string}"},"query-input":{"@type":"PropertyValueSpecification","valueRequired":true,"valueName":"search_term_string"}}],"inLanguage":"en-US"},{"@type":"Organization","@id":"https:\/\/openspaceconsulting.com\/#organization","name":"Open Space Consulting AB","url":"https:\/\/openspaceconsulting.com\/","logo":{"@type":"ImageObject","inLanguage":"en-US","@id":"https:\/\/openspaceconsulting.com\/#\/schema\/logo\/image\/","url":"https:\/\/openspaceconsulting.com\/wp-content\/uploads\/2020\/02\/logga-284px.png","contentUrl":"https:\/\/openspaceconsulting.com\/wp-content\/uploads\/2020\/02\/logga-284px.png","width":284,"height":284,"caption":"Open Space Consulting AB"},"image":{"@id":"https:\/\/openspaceconsulting.com\/#\/schema\/logo\/image\/"},"sameAs":["https:\/\/www.facebook.com\/OpenSpaceConsulting\/","https:\/\/x.com\/thomasherr","https:\/\/www.linkedin.com\/in\/thomasherrmannopenspaceconsult\/","https:\/\/www.youtube.com\/channel\/UCmLV1KM01JiGOp6I9qk7d3g"]}]}},"jetpack_sharing_enabled":true,"_links":{"self":[{"href":"https:\/\/openspaceconsulting.com\/en\/wp-json\/wp\/v2\/pages\/5881","targetHints":{"allow":["GET"]}}],"collection":[{"href":"https:\/\/openspaceconsulting.com\/en\/wp-json\/wp\/v2\/pages"}],"about":[{"href":"https:\/\/openspaceconsulting.com\/en\/wp-json\/wp\/v2\/types\/page"}],"author":[{"embeddable":true,"href":"https:\/\/openspaceconsulting.com\/en\/wp-json\/wp\/v2\/users\/3"}],"replies":[{"embeddable":true,"href":"https:\/\/openspaceconsulting.com\/en\/wp-json\/wp\/v2\/comments?post=5881"}],"version-history":[{"count":1,"href":"https:\/\/openspaceconsulting.com\/en\/wp-json\/wp\/v2\/pages\/5881\/revisions"}],"predecessor-version":[{"id":6155,"href":"https:\/\/openspaceconsulting.com\/en\/wp-json\/wp\/v2\/pages\/5881\/revisions\/6155"}],"up":[{"embeddable":true,"href":"https:\/\/openspaceconsulting.com\/en\/wp-json\/wp\/v2\/pages\/58"}],"wp:attachment":[{"href":"https:\/\/openspaceconsulting.com\/en\/wp-json\/wp\/v2\/media?parent=5881"}],"curies":[{"name":"wp","href":"https:\/\/api.w.org\/{rel}","templated":true}]}}