{"id":5780,"date":"2020-02-25T10:37:23","date_gmt":"2020-02-25T09:37:23","guid":{"rendered":"https:\/\/openspaceconsulting.com\/?page_id=5780"},"modified":"2026-01-23T21:46:38","modified_gmt":"2026-01-23T20:46:38","slug":"business-development","status":"publish","type":"page","link":"https:\/\/openspaceconsulting.com\/en\/services\/business-development\/","title":{"rendered":"Organizational Development"},"content":{"rendered":"<p><a href=\"https:\/\/openspaceconsulting.com\/wp-content\/uploads\/2012\/09\/mane.jpg\"><img loading=\"lazy\" decoding=\"async\" class=\"alignnone size-full wp-image-59\" title=\"mane\" src=\"https:\/\/openspaceconsulting.com\/wp-content\/uploads\/2012\/09\/mane.jpg\" alt=\"\" width=\"636\" height=\"144\" srcset=\"https:\/\/openspaceconsulting.com\/wp-content\/uploads\/2012\/09\/mane.jpg 636w, https:\/\/openspaceconsulting.com\/wp-content\/uploads\/2012\/09\/mane-292x66.jpg 292w, https:\/\/openspaceconsulting.com\/wp-content\/uploads\/2012\/09\/mane-546x124.jpg 546w\" sizes=\"auto, (max-width: 636px) 100vw, 636px\" \/><\/a><\/p>\n<p>Open Space Consulting offers your organization support to reach its full potential. We start from a holistic approach to business development. This means that we see each organization as a unique organism consisting of many interacting subsystems. The complexity is endless and it is navigated using simple structures that, with adapted processes, create the space in which you find your own unique path.<\/p>\n<p>An important starting point is that the knowledge and ability needed to create an efficient organization with a life-affirming climate is already there. We assist you in creating the space so that this inherent knowledge becomes visible and that the potential that already exists is thus utilized.<\/p>\n<p>We support you in preparation, implementation, follow-up and also in transferring the competence so that you can maintain your strength without external consultants in the future.<\/p>\n<p>Our approach is based on <a href=\"https:\/\/openspaceconsulting.com\/en\/services\/business-development\/the-genuine-contact-program-3\/\">The Genuine Contact<sup>TM<\/sup> Way<\/a>. In 2001, Open Space Consulting was the first company in Europe to be authorized to train others in the program&#8217;s components.<\/p>\n<p><a href=\"https:\/\/openspaceconsulting.com\/wp-content\/uploads\/2012\/09\/mane_2.jpg\"><img loading=\"lazy\" decoding=\"async\" class=\"alignnone size-full wp-image-60\" title=\"mane_2\" src=\"https:\/\/openspaceconsulting.com\/wp-content\/uploads\/2012\/09\/mane_2.jpg\" alt=\"\" width=\"635\" height=\"114\" srcset=\"https:\/\/openspaceconsulting.com\/wp-content\/uploads\/2012\/09\/mane_2.jpg 635w, https:\/\/openspaceconsulting.com\/wp-content\/uploads\/2012\/09\/mane_2-292x52.jpg 292w, https:\/\/openspaceconsulting.com\/wp-content\/uploads\/2012\/09\/mane_2-546x98.jpg 546w\" sizes=\"auto, (max-width: 635px) 100vw, 635px\" \/><\/a><\/p>\n","protected":false},"excerpt":{"rendered":"<p>Open Space Consulting offers your organization support to reach its full potential. We start from a holistic approach to business development. This means that we see each organization as a unique organism consisting of many interacting subsystems. The complexity is endless and it is navigated using simple structures that, with adapted processes, create the space [&hellip;]<\/p>\n","protected":false},"author":2,"featured_media":0,"parent":5768,"menu_order":0,"comment_status":"closed","ping_status":"closed","template":"","meta":{"_acf_changed":false,"_genesis_hide_title":false,"_genesis_hide_breadcrumbs":false,"_genesis_hide_singular_image":false,"_genesis_hide_footer_widgets":false,"_genesis_custom_body_class":"","_genesis_custom_post_class":"","_genesis_layout":"","jetpack_post_was_ever_published":false,"footnotes":"","_links_to":"","_links_to_target":""},"class_list":{"0":"post-5780","1":"page","2":"type-page","3":"status-publish","5":"entry","6":"has-post-thumbnail"},"acf":[],"yoast_head":"<!-- This site is optimized with the Yoast SEO plugin v25.1 - https:\/\/yoast.com\/wordpress\/plugins\/seo\/ -->\n<title>Organizational Development - Open Space Consulting<\/title>\n<meta name=\"description\" content=\"Open Space Consulting offers your organization support to reach its full potential. We start from a holistic approach to business development. This means [...]\" \/>\n<meta name=\"robots\" content=\"index, follow, max-snippet:-1, max-image-preview:large, max-video-preview:-1\" \/>\n<link rel=\"canonical\" href=\"https:\/\/openspaceconsulting.com\/en\/services\/business-development\/\" \/>\n<meta property=\"og:locale\" content=\"en_US\" \/>\n<meta property=\"og:type\" content=\"article\" \/>\n<meta property=\"og:title\" content=\"Organizational Development - Open Space Consulting\" \/>\n<meta property=\"og:description\" content=\"Open Space Consulting offers your organization support to reach its full potential. We start from a holistic approach to business development. This means [...]\" \/>\n<meta property=\"og:url\" content=\"https:\/\/openspaceconsulting.com\/en\/services\/business-development\/\" \/>\n<meta property=\"og:site_name\" content=\"Open Space Consulting\" \/>\n<meta property=\"article:publisher\" content=\"https:\/\/www.facebook.com\/OpenSpaceConsulting\/\" \/>\n<meta property=\"article:modified_time\" content=\"2026-01-23T20:46:38+00:00\" \/>\n<meta property=\"og:image\" content=\"https:\/\/openspaceconsulting.com\/wp-content\/uploads\/2012\/09\/mane.jpg\" \/>\n\t<meta property=\"og:image:width\" content=\"636\" \/>\n\t<meta property=\"og:image:height\" content=\"144\" \/>\n\t<meta property=\"og:image:type\" content=\"image\/jpeg\" \/>\n<meta name=\"twitter:card\" content=\"summary_large_image\" \/>\n<meta name=\"twitter:site\" content=\"@thomasherr\" \/>\n<meta name=\"twitter:label1\" content=\"Est. reading time\" \/>\n\t<meta name=\"twitter:data1\" content=\"2 minutes\" \/>\n<script type=\"application\/ld+json\" class=\"yoast-schema-graph\">{\"@context\":\"https:\/\/schema.org\",\"@graph\":[{\"@type\":\"WebPage\",\"@id\":\"https:\/\/openspaceconsulting.com\/en\/services\/business-development\/\",\"url\":\"https:\/\/openspaceconsulting.com\/en\/services\/business-development\/\",\"name\":\"Organizational Development - Open Space Consulting\",\"isPartOf\":{\"@id\":\"https:\/\/openspaceconsulting.com\/#website\"},\"primaryImageOfPage\":{\"@id\":\"https:\/\/openspaceconsulting.com\/en\/services\/business-development\/#primaryimage\"},\"image\":{\"@id\":\"https:\/\/openspaceconsulting.com\/en\/services\/business-development\/#primaryimage\"},\"thumbnailUrl\":\"https:\/\/openspaceconsulting.com\/wp-content\/uploads\/2012\/09\/mane.jpg\",\"datePublished\":\"2020-02-25T09:37:23+00:00\",\"dateModified\":\"2026-01-23T20:46:38+00:00\",\"description\":\"Open Space Consulting offers your organization support to reach its full potential. We start from a holistic approach to business development. This means [...]\",\"breadcrumb\":{\"@id\":\"https:\/\/openspaceconsulting.com\/en\/services\/business-development\/#breadcrumb\"},\"inLanguage\":\"en-US\",\"potentialAction\":[{\"@type\":\"ReadAction\",\"target\":[\"https:\/\/openspaceconsulting.com\/en\/services\/business-development\/\"]}]},{\"@type\":\"ImageObject\",\"inLanguage\":\"en-US\",\"@id\":\"https:\/\/openspaceconsulting.com\/en\/services\/business-development\/#primaryimage\",\"url\":\"https:\/\/openspaceconsulting.com\/wp-content\/uploads\/2012\/09\/mane.jpg\",\"contentUrl\":\"https:\/\/openspaceconsulting.com\/wp-content\/uploads\/2012\/09\/mane.jpg\"},{\"@type\":\"BreadcrumbList\",\"@id\":\"https:\/\/openspaceconsulting.com\/en\/services\/business-development\/#breadcrumb\",\"itemListElement\":[{\"@type\":\"ListItem\",\"position\":1,\"name\":\"Home\",\"item\":\"https:\/\/openspaceconsulting.com\/\"},{\"@type\":\"ListItem\",\"position\":2,\"name\":\"Our services\",\"item\":\"https:\/\/openspaceconsulting.com\/en\/services\/\"},{\"@type\":\"ListItem\",\"position\":3,\"name\":\"Organizational Development\"}]},{\"@type\":\"WebSite\",\"@id\":\"https:\/\/openspaceconsulting.com\/#website\",\"url\":\"https:\/\/openspaceconsulting.com\/\",\"name\":\"Open Space Consulting\",\"description\":\"Open Space Consulting frig\u00f6r livskraft i m\u00e4nniska, organisation &amp; samh\u00e4lle\",\"publisher\":{\"@id\":\"https:\/\/openspaceconsulting.com\/#organization\"},\"potentialAction\":[{\"@type\":\"SearchAction\",\"target\":{\"@type\":\"EntryPoint\",\"urlTemplate\":\"https:\/\/openspaceconsulting.com\/?s={search_term_string}\"},\"query-input\":{\"@type\":\"PropertyValueSpecification\",\"valueRequired\":true,\"valueName\":\"search_term_string\"}}],\"inLanguage\":\"en-US\"},{\"@type\":\"Organization\",\"@id\":\"https:\/\/openspaceconsulting.com\/#organization\",\"name\":\"Open Space Consulting AB\",\"url\":\"https:\/\/openspaceconsulting.com\/\",\"logo\":{\"@type\":\"ImageObject\",\"inLanguage\":\"en-US\",\"@id\":\"https:\/\/openspaceconsulting.com\/#\/schema\/logo\/image\/\",\"url\":\"https:\/\/openspaceconsulting.com\/wp-content\/uploads\/2020\/02\/logga-284px.png\",\"contentUrl\":\"https:\/\/openspaceconsulting.com\/wp-content\/uploads\/2020\/02\/logga-284px.png\",\"width\":284,\"height\":284,\"caption\":\"Open Space Consulting AB\"},\"image\":{\"@id\":\"https:\/\/openspaceconsulting.com\/#\/schema\/logo\/image\/\"},\"sameAs\":[\"https:\/\/www.facebook.com\/OpenSpaceConsulting\/\",\"https:\/\/x.com\/thomasherr\",\"https:\/\/www.linkedin.com\/in\/thomasherrmannopenspaceconsult\/\",\"https:\/\/www.youtube.com\/channel\/UCmLV1KM01JiGOp6I9qk7d3g\"]}]}<\/script>\n<!-- \/ Yoast SEO plugin. -->","yoast_head_json":{"title":"Organizational Development - Open Space Consulting","description":"Open Space Consulting offers your organization support to reach its full potential. We start from a holistic approach to business development. This means [...]","robots":{"index":"index","follow":"follow","max-snippet":"max-snippet:-1","max-image-preview":"max-image-preview:large","max-video-preview":"max-video-preview:-1"},"canonical":"https:\/\/openspaceconsulting.com\/en\/services\/business-development\/","og_locale":"en_US","og_type":"article","og_title":"Organizational Development - Open Space Consulting","og_description":"Open Space Consulting offers your organization support to reach its full potential. We start from a holistic approach to business development. This means [...]","og_url":"https:\/\/openspaceconsulting.com\/en\/services\/business-development\/","og_site_name":"Open Space Consulting","article_publisher":"https:\/\/www.facebook.com\/OpenSpaceConsulting\/","article_modified_time":"2026-01-23T20:46:38+00:00","og_image":[{"width":636,"height":144,"url":"https:\/\/openspaceconsulting.com\/wp-content\/uploads\/2012\/09\/mane.jpg","type":"image\/jpeg"}],"twitter_card":"summary_large_image","twitter_site":"@thomasherr","twitter_misc":{"Est. reading time":"2 minutes"},"schema":{"@context":"https:\/\/schema.org","@graph":[{"@type":"WebPage","@id":"https:\/\/openspaceconsulting.com\/en\/services\/business-development\/","url":"https:\/\/openspaceconsulting.com\/en\/services\/business-development\/","name":"Organizational Development - Open Space Consulting","isPartOf":{"@id":"https:\/\/openspaceconsulting.com\/#website"},"primaryImageOfPage":{"@id":"https:\/\/openspaceconsulting.com\/en\/services\/business-development\/#primaryimage"},"image":{"@id":"https:\/\/openspaceconsulting.com\/en\/services\/business-development\/#primaryimage"},"thumbnailUrl":"https:\/\/openspaceconsulting.com\/wp-content\/uploads\/2012\/09\/mane.jpg","datePublished":"2020-02-25T09:37:23+00:00","dateModified":"2026-01-23T20:46:38+00:00","description":"Open Space Consulting offers your organization support to reach its full potential. We start from a holistic approach to business development. This means [...]","breadcrumb":{"@id":"https:\/\/openspaceconsulting.com\/en\/services\/business-development\/#breadcrumb"},"inLanguage":"en-US","potentialAction":[{"@type":"ReadAction","target":["https:\/\/openspaceconsulting.com\/en\/services\/business-development\/"]}]},{"@type":"ImageObject","inLanguage":"en-US","@id":"https:\/\/openspaceconsulting.com\/en\/services\/business-development\/#primaryimage","url":"https:\/\/openspaceconsulting.com\/wp-content\/uploads\/2012\/09\/mane.jpg","contentUrl":"https:\/\/openspaceconsulting.com\/wp-content\/uploads\/2012\/09\/mane.jpg"},{"@type":"BreadcrumbList","@id":"https:\/\/openspaceconsulting.com\/en\/services\/business-development\/#breadcrumb","itemListElement":[{"@type":"ListItem","position":1,"name":"Home","item":"https:\/\/openspaceconsulting.com\/"},{"@type":"ListItem","position":2,"name":"Our services","item":"https:\/\/openspaceconsulting.com\/en\/services\/"},{"@type":"ListItem","position":3,"name":"Organizational Development"}]},{"@type":"WebSite","@id":"https:\/\/openspaceconsulting.com\/#website","url":"https:\/\/openspaceconsulting.com\/","name":"Open Space Consulting","description":"Open Space Consulting frig\u00f6r livskraft i m\u00e4nniska, organisation &amp; samh\u00e4lle","publisher":{"@id":"https:\/\/openspaceconsulting.com\/#organization"},"potentialAction":[{"@type":"SearchAction","target":{"@type":"EntryPoint","urlTemplate":"https:\/\/openspaceconsulting.com\/?s={search_term_string}"},"query-input":{"@type":"PropertyValueSpecification","valueRequired":true,"valueName":"search_term_string"}}],"inLanguage":"en-US"},{"@type":"Organization","@id":"https:\/\/openspaceconsulting.com\/#organization","name":"Open Space Consulting AB","url":"https:\/\/openspaceconsulting.com\/","logo":{"@type":"ImageObject","inLanguage":"en-US","@id":"https:\/\/openspaceconsulting.com\/#\/schema\/logo\/image\/","url":"https:\/\/openspaceconsulting.com\/wp-content\/uploads\/2020\/02\/logga-284px.png","contentUrl":"https:\/\/openspaceconsulting.com\/wp-content\/uploads\/2020\/02\/logga-284px.png","width":284,"height":284,"caption":"Open Space Consulting AB"},"image":{"@id":"https:\/\/openspaceconsulting.com\/#\/schema\/logo\/image\/"},"sameAs":["https:\/\/www.facebook.com\/OpenSpaceConsulting\/","https:\/\/x.com\/thomasherr","https:\/\/www.linkedin.com\/in\/thomasherrmannopenspaceconsult\/","https:\/\/www.youtube.com\/channel\/UCmLV1KM01JiGOp6I9qk7d3g"]}]}},"jetpack_sharing_enabled":true,"_links":{"self":[{"href":"https:\/\/openspaceconsulting.com\/en\/wp-json\/wp\/v2\/pages\/5780","targetHints":{"allow":["GET"]}}],"collection":[{"href":"https:\/\/openspaceconsulting.com\/en\/wp-json\/wp\/v2\/pages"}],"about":[{"href":"https:\/\/openspaceconsulting.com\/en\/wp-json\/wp\/v2\/types\/page"}],"author":[{"embeddable":true,"href":"https:\/\/openspaceconsulting.com\/en\/wp-json\/wp\/v2\/users\/2"}],"replies":[{"embeddable":true,"href":"https:\/\/openspaceconsulting.com\/en\/wp-json\/wp\/v2\/comments?post=5780"}],"version-history":[{"count":6,"href":"https:\/\/openspaceconsulting.com\/en\/wp-json\/wp\/v2\/pages\/5780\/revisions"}],"predecessor-version":[{"id":9367,"href":"https:\/\/openspaceconsulting.com\/en\/wp-json\/wp\/v2\/pages\/5780\/revisions\/9367"}],"up":[{"embeddable":true,"href":"https:\/\/openspaceconsulting.com\/en\/wp-json\/wp\/v2\/pages\/5768"}],"wp:attachment":[{"href":"https:\/\/openspaceconsulting.com\/en\/wp-json\/wp\/v2\/media?parent=5780"}],"curies":[{"name":"wp","href":"https:\/\/api.w.org\/{rel}","templated":true}]}}