{"id":5768,"date":"2020-02-25T09:19:43","date_gmt":"2020-02-25T08:19:43","guid":{"rendered":"https:\/\/openspaceconsulting.com\/?page_id=5768"},"modified":"2026-03-12T10:42:08","modified_gmt":"2026-03-12T09:42:08","slug":"services","status":"publish","type":"page","link":"https:\/\/openspaceconsulting.com\/en\/services\/","title":{"rendered":"Our services"},"content":{"rendered":"<p><strong>We release life force in people, organizations and society<\/strong><\/p>\n<p>Do you want to:<\/p>\n<p>Mobilize and use the organization&#8217;s potential?<br \/>\nCreate an open climate where people are inspired to do their best?<br \/>\nDevelop visions that engage?<br \/>\nUse meeting methods that create access to the wisdom of the group?<br \/>\nDevelop how you work, based on self-organization?<br \/>\nDevelop a leadership that shows the way but then &#8220;stays out of the way&#8221;?<br \/>\nCreate a prosperous organization with healthier employees?<\/p>\n<p><strong>A holistic path to success<\/strong><\/p>\n<p>As the first company in Sweden, since 2001 we offer The Genuine Contact\u2122 Way. The program is an answer to the question HOW do we achieve all this? We build the knowledge and skills that the organization needs to achieve lasting success. Results you never dared to dream of are achieved.<\/p>\n<p>Open Space Consulting offers:<\/p>\n<ul>\n<li>Coaching and training for organizations in change<\/li>\n<li>Qualitative analyzes of organizational health and balance<\/li>\n<li>Learnings about health and balance in organizations<\/li>\n<li>Effective and creative meetings and conferences<\/li>\n<li>Training of meeting and process facilitators<\/li>\n<li>Mentorship for organizations and consultants working to achieve organizational success<\/li>\n<\/ul>\n<p>Open Space Consulting is closely linked with other companies in global networks. Therefore, we can offer our services worldwide.<\/p>\n<p>Keywords are; holistic view, participation and dialogue.<\/p>\n<h3><a href=\"https:\/\/openspaceconsulting.com\/en\/services\/business-development\/\">Organizational development<\/a><\/h3>\n<p>Are you looking for ways to find the whole power available in your company or organization?<\/p>\n<h3><a href=\"https:\/\/openspaceconsulting.com\/en\/services\/leadership-development\/\">Leadership development<\/a><\/h3>\n<p>We offer individual support for leaders, development programs for leadership teams and mentoring circles for leaders.<\/p>\n<h3><a href=\"https:\/\/openspaceconsulting.com\/en\/services\/trainings\/\">Training<\/a><\/h3>\n<p>Do you want to build capacity in your organization to release and keep the available power in everyday life?<\/p>\n<h3>Facilitation of meetings and conferences<\/h3>\n<p>Our creative and efficient methods create space for the inherent potential to be used wisely.<\/p>\n<h3><a href=\"https:\/\/openspaceconsulting.com\/en\/?page_id=9258\">Powerful decision making in teams<\/a><\/h3>\n<p>We facilitate decision making meetings and build capacity for powerful decision making in teams.<\/p>\n<h3>Evaluation of development activities<\/h3>\n<p>Through dialogue and self evaluation motivation and learning is increased for the benefit of the organization.<\/p>\n<h3>Creative and efficient online meetings<\/h3>\n<p>Make an end to online meetings that take energy! We have developed methods for creative and efficient meetings that give energy!<\/p>\n<p><a href=\"https:\/\/openspaceconsulting.com\/en\/about-the-open-space-method\/picture-gallery\/\">Visit our picture gallery<\/a><\/p>\n<p><a href=\"https:\/\/openspaceconsulting.com\/wp-content\/uploads\/2023\/06\/IMG_6898-292x219.jpeg\"><img loading=\"lazy\" decoding=\"async\" class=\"alignnone size-medium wp-image-7162\" src=\"https:\/\/openspaceconsulting.com\/wp-content\/uploads\/2023\/06\/IMG_6898-292x219.jpeg\" alt=\"\" width=\"292\" height=\"219\" srcset=\"https:\/\/openspaceconsulting.com\/wp-content\/uploads\/2023\/06\/IMG_6898-292x219.jpeg 292w, https:\/\/openspaceconsulting.com\/wp-content\/uploads\/2023\/06\/IMG_6898-546x410.jpeg 546w, https:\/\/openspaceconsulting.com\/wp-content\/uploads\/2023\/06\/IMG_6898-768x576.jpeg 768w, https:\/\/openspaceconsulting.com\/wp-content\/uploads\/2023\/06\/IMG_6898-1536x1152.jpeg 1536w, https:\/\/openspaceconsulting.com\/wp-content\/uploads\/2023\/06\/IMG_6898.jpeg 2048w\" sizes=\"auto, (max-width: 292px) 100vw, 292px\" \/><\/a><\/p>\n","protected":false},"excerpt":{"rendered":"<p>We release life force in people, organizations and society Do you want to: Mobilize and use the organization&#8217;s potential? Create an open climate where people are inspired to do their best? Develop visions that engage? Use meeting methods that create access to the wisdom of the group? Develop how you work, based on self-organization? Develop [&hellip;]<\/p>\n","protected":false},"author":1,"featured_media":7162,"parent":0,"menu_order":5,"comment_status":"closed","ping_status":"closed","template":"","meta":{"_acf_changed":false,"_genesis_hide_title":false,"_genesis_hide_breadcrumbs":false,"_genesis_hide_singular_image":false,"_genesis_hide_footer_widgets":false,"_genesis_custom_body_class":"","_genesis_custom_post_class":"","_genesis_layout":"","jetpack_post_was_ever_published":false,"footnotes":"","_links_to":"","_links_to_target":""},"class_list":{"0":"post-5768","1":"page","2":"type-page","3":"status-publish","4":"has-post-thumbnail","6":"entry"},"acf":[],"yoast_head":"<!-- This site is optimized with the Yoast SEO plugin v25.1 - https:\/\/yoast.com\/wordpress\/plugins\/seo\/ -->\n<title>Our services - Open Space Consulting<\/title>\n<meta name=\"description\" content=\"We release life force in people, organizations and society Do you want to: Mobilize and use the organization&#039;s potential? Create an open climate where [...]\" \/>\n<meta name=\"robots\" content=\"index, follow, max-snippet:-1, max-image-preview:large, max-video-preview:-1\" \/>\n<link rel=\"canonical\" href=\"https:\/\/openspaceconsulting.com\/en\/services\/\" \/>\n<meta property=\"og:locale\" content=\"en_US\" \/>\n<meta property=\"og:type\" content=\"article\" \/>\n<meta property=\"og:title\" content=\"Our services - Open Space Consulting\" \/>\n<meta property=\"og:description\" content=\"We release life force in people, organizations and society Do you want to: Mobilize and use the organization&#039;s potential? Create an open climate where [...]\" \/>\n<meta property=\"og:url\" content=\"https:\/\/openspaceconsulting.com\/en\/services\/\" \/>\n<meta property=\"og:site_name\" content=\"Open Space Consulting\" \/>\n<meta property=\"article:publisher\" content=\"https:\/\/www.facebook.com\/OpenSpaceConsulting\/\" \/>\n<meta property=\"article:modified_time\" content=\"2026-03-12T09:42:08+00:00\" \/>\n<meta property=\"og:image\" content=\"https:\/\/openspaceconsulting.com\/wp-content\/uploads\/2023\/06\/IMG_6898.jpeg\" \/>\n\t<meta property=\"og:image:width\" content=\"2048\" \/>\n\t<meta property=\"og:image:height\" content=\"1536\" \/>\n\t<meta property=\"og:image:type\" content=\"image\/jpeg\" \/>\n<meta name=\"twitter:card\" content=\"summary_large_image\" \/>\n<meta name=\"twitter:site\" content=\"@thomasherr\" \/>\n<meta name=\"twitter:label1\" content=\"Est. reading time\" \/>\n\t<meta name=\"twitter:data1\" content=\"3 minutes\" \/>\n<script type=\"application\/ld+json\" class=\"yoast-schema-graph\">{\"@context\":\"https:\/\/schema.org\",\"@graph\":[{\"@type\":\"WebPage\",\"@id\":\"https:\/\/openspaceconsulting.com\/en\/services\/\",\"url\":\"https:\/\/openspaceconsulting.com\/en\/services\/\",\"name\":\"Our services - Open Space Consulting\",\"isPartOf\":{\"@id\":\"https:\/\/openspaceconsulting.com\/#website\"},\"primaryImageOfPage\":{\"@id\":\"https:\/\/openspaceconsulting.com\/en\/services\/#primaryimage\"},\"image\":{\"@id\":\"https:\/\/openspaceconsulting.com\/en\/services\/#primaryimage\"},\"thumbnailUrl\":\"https:\/\/openspaceconsulting.com\/wp-content\/uploads\/2023\/06\/IMG_6898.jpeg\",\"datePublished\":\"2020-02-25T08:19:43+00:00\",\"dateModified\":\"2026-03-12T09:42:08+00:00\",\"description\":\"We release life force in people, organizations and society Do you want to: Mobilize and use the organization's potential? Create an open climate where [...]\",\"breadcrumb\":{\"@id\":\"https:\/\/openspaceconsulting.com\/en\/services\/#breadcrumb\"},\"inLanguage\":\"en-US\",\"potentialAction\":[{\"@type\":\"ReadAction\",\"target\":[\"https:\/\/openspaceconsulting.com\/en\/services\/\"]}]},{\"@type\":\"ImageObject\",\"inLanguage\":\"en-US\",\"@id\":\"https:\/\/openspaceconsulting.com\/en\/services\/#primaryimage\",\"url\":\"https:\/\/openspaceconsulting.com\/wp-content\/uploads\/2023\/06\/IMG_6898.jpeg\",\"contentUrl\":\"https:\/\/openspaceconsulting.com\/wp-content\/uploads\/2023\/06\/IMG_6898.jpeg\",\"width\":2048,\"height\":1536},{\"@type\":\"BreadcrumbList\",\"@id\":\"https:\/\/openspaceconsulting.com\/en\/services\/#breadcrumb\",\"itemListElement\":[{\"@type\":\"ListItem\",\"position\":1,\"name\":\"Home\",\"item\":\"https:\/\/openspaceconsulting.com\/\"},{\"@type\":\"ListItem\",\"position\":2,\"name\":\"Our services\"}]},{\"@type\":\"WebSite\",\"@id\":\"https:\/\/openspaceconsulting.com\/#website\",\"url\":\"https:\/\/openspaceconsulting.com\/\",\"name\":\"Open Space Consulting\",\"description\":\"Open Space Consulting frig\u00f6r livskraft i m\u00e4nniska, organisation &amp; samh\u00e4lle\",\"publisher\":{\"@id\":\"https:\/\/openspaceconsulting.com\/#organization\"},\"potentialAction\":[{\"@type\":\"SearchAction\",\"target\":{\"@type\":\"EntryPoint\",\"urlTemplate\":\"https:\/\/openspaceconsulting.com\/?s={search_term_string}\"},\"query-input\":{\"@type\":\"PropertyValueSpecification\",\"valueRequired\":true,\"valueName\":\"search_term_string\"}}],\"inLanguage\":\"en-US\"},{\"@type\":\"Organization\",\"@id\":\"https:\/\/openspaceconsulting.com\/#organization\",\"name\":\"Open Space Consulting AB\",\"url\":\"https:\/\/openspaceconsulting.com\/\",\"logo\":{\"@type\":\"ImageObject\",\"inLanguage\":\"en-US\",\"@id\":\"https:\/\/openspaceconsulting.com\/#\/schema\/logo\/image\/\",\"url\":\"https:\/\/openspaceconsulting.com\/wp-content\/uploads\/2020\/02\/logga-284px.png\",\"contentUrl\":\"https:\/\/openspaceconsulting.com\/wp-content\/uploads\/2020\/02\/logga-284px.png\",\"width\":284,\"height\":284,\"caption\":\"Open Space Consulting AB\"},\"image\":{\"@id\":\"https:\/\/openspaceconsulting.com\/#\/schema\/logo\/image\/\"},\"sameAs\":[\"https:\/\/www.facebook.com\/OpenSpaceConsulting\/\",\"https:\/\/x.com\/thomasherr\",\"https:\/\/www.linkedin.com\/in\/thomasherrmannopenspaceconsult\/\",\"https:\/\/www.youtube.com\/channel\/UCmLV1KM01JiGOp6I9qk7d3g\"]}]}<\/script>\n<!-- \/ Yoast SEO plugin. -->","yoast_head_json":{"title":"Our services - Open Space Consulting","description":"We release life force in people, organizations and society Do you want to: Mobilize and use the organization's potential? Create an open climate where [...]","robots":{"index":"index","follow":"follow","max-snippet":"max-snippet:-1","max-image-preview":"max-image-preview:large","max-video-preview":"max-video-preview:-1"},"canonical":"https:\/\/openspaceconsulting.com\/en\/services\/","og_locale":"en_US","og_type":"article","og_title":"Our services - Open Space Consulting","og_description":"We release life force in people, organizations and society Do you want to: Mobilize and use the organization's potential? Create an open climate where [...]","og_url":"https:\/\/openspaceconsulting.com\/en\/services\/","og_site_name":"Open Space Consulting","article_publisher":"https:\/\/www.facebook.com\/OpenSpaceConsulting\/","article_modified_time":"2026-03-12T09:42:08+00:00","og_image":[{"width":2048,"height":1536,"url":"https:\/\/openspaceconsulting.com\/wp-content\/uploads\/2023\/06\/IMG_6898.jpeg","type":"image\/jpeg"}],"twitter_card":"summary_large_image","twitter_site":"@thomasherr","twitter_misc":{"Est. reading time":"3 minutes"},"schema":{"@context":"https:\/\/schema.org","@graph":[{"@type":"WebPage","@id":"https:\/\/openspaceconsulting.com\/en\/services\/","url":"https:\/\/openspaceconsulting.com\/en\/services\/","name":"Our services - Open Space Consulting","isPartOf":{"@id":"https:\/\/openspaceconsulting.com\/#website"},"primaryImageOfPage":{"@id":"https:\/\/openspaceconsulting.com\/en\/services\/#primaryimage"},"image":{"@id":"https:\/\/openspaceconsulting.com\/en\/services\/#primaryimage"},"thumbnailUrl":"https:\/\/openspaceconsulting.com\/wp-content\/uploads\/2023\/06\/IMG_6898.jpeg","datePublished":"2020-02-25T08:19:43+00:00","dateModified":"2026-03-12T09:42:08+00:00","description":"We release life force in people, organizations and society Do you want to: Mobilize and use the organization's potential? Create an open climate where [...]","breadcrumb":{"@id":"https:\/\/openspaceconsulting.com\/en\/services\/#breadcrumb"},"inLanguage":"en-US","potentialAction":[{"@type":"ReadAction","target":["https:\/\/openspaceconsulting.com\/en\/services\/"]}]},{"@type":"ImageObject","inLanguage":"en-US","@id":"https:\/\/openspaceconsulting.com\/en\/services\/#primaryimage","url":"https:\/\/openspaceconsulting.com\/wp-content\/uploads\/2023\/06\/IMG_6898.jpeg","contentUrl":"https:\/\/openspaceconsulting.com\/wp-content\/uploads\/2023\/06\/IMG_6898.jpeg","width":2048,"height":1536},{"@type":"BreadcrumbList","@id":"https:\/\/openspaceconsulting.com\/en\/services\/#breadcrumb","itemListElement":[{"@type":"ListItem","position":1,"name":"Home","item":"https:\/\/openspaceconsulting.com\/"},{"@type":"ListItem","position":2,"name":"Our services"}]},{"@type":"WebSite","@id":"https:\/\/openspaceconsulting.com\/#website","url":"https:\/\/openspaceconsulting.com\/","name":"Open Space Consulting","description":"Open Space Consulting frig\u00f6r livskraft i m\u00e4nniska, organisation &amp; samh\u00e4lle","publisher":{"@id":"https:\/\/openspaceconsulting.com\/#organization"},"potentialAction":[{"@type":"SearchAction","target":{"@type":"EntryPoint","urlTemplate":"https:\/\/openspaceconsulting.com\/?s={search_term_string}"},"query-input":{"@type":"PropertyValueSpecification","valueRequired":true,"valueName":"search_term_string"}}],"inLanguage":"en-US"},{"@type":"Organization","@id":"https:\/\/openspaceconsulting.com\/#organization","name":"Open Space Consulting AB","url":"https:\/\/openspaceconsulting.com\/","logo":{"@type":"ImageObject","inLanguage":"en-US","@id":"https:\/\/openspaceconsulting.com\/#\/schema\/logo\/image\/","url":"https:\/\/openspaceconsulting.com\/wp-content\/uploads\/2020\/02\/logga-284px.png","contentUrl":"https:\/\/openspaceconsulting.com\/wp-content\/uploads\/2020\/02\/logga-284px.png","width":284,"height":284,"caption":"Open Space Consulting AB"},"image":{"@id":"https:\/\/openspaceconsulting.com\/#\/schema\/logo\/image\/"},"sameAs":["https:\/\/www.facebook.com\/OpenSpaceConsulting\/","https:\/\/x.com\/thomasherr","https:\/\/www.linkedin.com\/in\/thomasherrmannopenspaceconsult\/","https:\/\/www.youtube.com\/channel\/UCmLV1KM01JiGOp6I9qk7d3g"]}]}},"jetpack_sharing_enabled":true,"_links":{"self":[{"href":"https:\/\/openspaceconsulting.com\/en\/wp-json\/wp\/v2\/pages\/5768","targetHints":{"allow":["GET"]}}],"collection":[{"href":"https:\/\/openspaceconsulting.com\/en\/wp-json\/wp\/v2\/pages"}],"about":[{"href":"https:\/\/openspaceconsulting.com\/en\/wp-json\/wp\/v2\/types\/page"}],"author":[{"embeddable":true,"href":"https:\/\/openspaceconsulting.com\/en\/wp-json\/wp\/v2\/users\/1"}],"replies":[{"embeddable":true,"href":"https:\/\/openspaceconsulting.com\/en\/wp-json\/wp\/v2\/comments?post=5768"}],"version-history":[{"count":10,"href":"https:\/\/openspaceconsulting.com\/en\/wp-json\/wp\/v2\/pages\/5768\/revisions"}],"predecessor-version":[{"id":9513,"href":"https:\/\/openspaceconsulting.com\/en\/wp-json\/wp\/v2\/pages\/5768\/revisions\/9513"}],"wp:featuredmedia":[{"embeddable":true,"href":"https:\/\/openspaceconsulting.com\/en\/wp-json\/wp\/v2\/media\/7162"}],"wp:attachment":[{"href":"https:\/\/openspaceconsulting.com\/en\/wp-json\/wp\/v2\/media?parent=5768"}],"curies":[{"name":"wp","href":"https:\/\/api.w.org\/{rel}","templated":true}]}}