{"id":5763,"date":"2020-02-25T09:11:34","date_gmt":"2020-02-25T08:11:34","guid":{"rendered":"https:\/\/openspaceconsulting.com\/?page_id=5763"},"modified":"2023-06-11T18:06:59","modified_gmt":"2023-06-11T16:06:59","slug":"about-the-open-space-method","status":"publish","type":"page","link":"https:\/\/openspaceconsulting.com\/en\/about-the-open-space-method\/","title":{"rendered":"About Open Space Technology"},"content":{"rendered":"<p><a href=\"https:\/\/openspaceconsulting.com\/wp-content\/uploads\/2012\/09\/cirkel2.jpg\"><img loading=\"lazy\" decoding=\"async\" class=\"alignnone size-full wp-image-5268\" title=\"cirkel2\" src=\"https:\/\/openspaceconsulting.com\/wp-content\/uploads\/2012\/09\/cirkel2.jpg\" alt=\"\" width=\"699\" height=\"210\" srcset=\"https:\/\/openspaceconsulting.com\/wp-content\/uploads\/2012\/09\/cirkel2.jpg 699w, https:\/\/openspaceconsulting.com\/wp-content\/uploads\/2012\/09\/cirkel2-292x88.jpg 292w, https:\/\/openspaceconsulting.com\/wp-content\/uploads\/2012\/09\/cirkel2-546x164.jpg 546w\" sizes=\"auto, (max-width: 699px) 100vw, 699px\" \/><\/a><\/p>\n<div class=\"left-block\">\n<p>I am happy that I had\/took the opportunity to share knowledge about how Open Space Technology can be used wisely, to 1000&#8217;s of people around the world since more than 20 years. It is deeply fulfilling for me as my vision is that there should be knowledge about co-creative working methods in all villages on earth. I think that building capacity to use Open Space Technology is one of the most important contributions. We also use Open Space in online meetings since the mid-90s!<\/p>\n<p><strong>What is the Open Space Technology? <\/strong><br \/>\nHarrison Owen discovered Open Space Technology. He got the idea when in 1983, after a year of preparation, he arranged a major international symposium. What made him think was the feedback he received, which was also consistent with what he himself felt. The conference had been good, but the most rewarding activity was \u2013 that&#8217;s right, the coffee breaks.<\/p>\n<p>Harrison realized that there is something in the set-up that can be improved when the participants&#8217; engagement peaks during the coffee break. This led him to create a meeting method where the participants design the program and organize the conference. A continuous creative coffee break!<\/p>\n<p>The ingeniously simple structure proved to be very effective and today Open Space Technology is used for groups from 5-2000 participants in more than 140 countries. Tens of thousands of facilitators have been trained worldwide.<\/p>\n<p>The method is used in many different contexts and is suitable for change and development work as well as for exchanging experiences and creating good learning experiences. A prerequisite is that those responsible want to unleash the potential and invite real participation. It can be the start of a journey towards maintaining that level of energy and power in everyday life.<\/p>\n<p><strong>Concrete results from an Open Space meeting:<\/strong><\/p>\n<ol>\n<li>All important issues will be &#8220;on the table&#8221;<\/li>\n<li>Each question is discussed as much as the participants want<\/li>\n<li>Everything is documented and made available during the meeting<\/li>\n<li>Priority issues are identified<\/li>\n<li>Action plans are produced<\/li>\n<li>Responsibility is taken for activities in the next step and working groups are initiated<\/li>\n<\/ol>\n<p><strong>Four principles and one law<\/strong><\/p>\n<p>In Open Space meetings, we have four principles and a law as guiding principles for the work. Your own engagement and willingness to take responsibility are key to rich participation.<\/p>\n<p>The four principles are:<\/p>\n<ol>\n<li>Whoever comes is the right people (the participants are the experts and the wisdom to find solutions is in the room)<\/li>\n<li>Whatever happens is the only thing that could have (focus on the best possible effort in the present. Not worrying about what &#8220;would have been if&#8230;&#8221;)<\/li>\n<li>Whenever it starts, is the right time (creativity can&#8217;t be controlled)<\/li>\n<li>When it&#8217;s over, it&#8217;s over (a topic or conversation can be dealt with in a shorter\/longer time than planned)<\/li>\n<\/ol>\n<\/div>\n<div class=\"right-block\">\n<p><strong>One law: The law of mobility (original: Law of two feet)<\/strong><\/p>\n<p>If \u00a0you as a participant find that you are in a situation where you neither learn nor can contribute, it&#8217;s your responsibility to move to another place.<\/p>\n<p>Open Space Technology is best suited when some or all of the following conditions prevail:<\/p>\n<ol>\n<li>&#8220;A real issue of concern<\/li>\n<li>Diversity of players<\/li>\n<li>Complexity of elements<\/li>\n<li>Presence of passion (conflict is an element of passion)<\/li>\n<li>Decision time is now&#8221;<\/li>\n<\/ol>\n<p><strong>How is Open Space Technology different from other large-group methods? <\/strong><br \/>\nIn &#8220;Open Space&#8221; the participants are given full responsibility to create the meeting agenda and to organize themselves. The scope for action is defined through the theme and givens (as taught by Birgitt Williams) which are developed in the prep work.<\/p>\n<p>The structure of the meeting is simple and clear. As a participant in an Open Space meeting, you will experience what it is like to work in a self-organizing system with distributed leadership, self-governing groups and with an nourishing working climate.<\/p>\n<p>Open Space Technology is thus an effective method for working with an important issue while giving an experience of a true learning way of collaborating in an organization. The Genuine Contact&#x2122; program has been developed as a way to bring this way of working into everyday life.<\/p>\n<p>Contact us for more information or follow one of the links below. If you still don&#8217;t understand how it works in practice, we recommend you to have a look at <a href=\"https:\/\/www.youtube.com\/watch?v=I_WmctEWkRI\">our video<\/a>.<\/p>\n<p><a href=\"https:\/\/openspaceconsulting.com\/?page_id=193\">An Open Space meeting in practice<\/a><br \/>\n<a href=\"https:\/\/openspaceconsulting.com\/om-open-space-metoden\/open-space-video\">Open Space videos<\/a><br \/>\n<a href=\"https:\/\/openspaceconsulting.com\/wp-content\/uploads\/2014\/04\/OS_HelaProcessen_s2ny.pdf\">The whole process of a meeting<\/a><br \/>\nHow does it work online?<br \/>\n<a href=\"https:\/\/openspaceconsulting.com\/vara-tjanster\/utbildning\">Our training offerings<\/a><br \/>\n<a href=\"https:\/\/openspaceconsulting.com\/om-open-space-metoden\/bildgalleri\">Photo gallery<\/a><br \/>\n<a href=\"https:\/\/openspaceconsulting.com\/resurser-for-handledare\/open-space-metoden-for-handledare\">Tips for facilitators<\/a><\/p>\n<\/div>\n","protected":false},"excerpt":{"rendered":"<p>I am happy that I had\/took the opportunity to share knowledge about how Open Space Technology can be used wisely, to 1000&#8217;s of people around the world since more than 20 years. It is deeply fulfilling for me as my vision is that there should be knowledge about co-creative working methods in all villages on [&hellip;]<\/p>\n","protected":false},"author":1,"featured_media":5329,"parent":0,"menu_order":4,"comment_status":"closed","ping_status":"closed","template":"","meta":{"_acf_changed":false,"_genesis_hide_title":false,"_genesis_hide_breadcrumbs":false,"_genesis_hide_singular_image":false,"_genesis_hide_footer_widgets":false,"_genesis_custom_body_class":"","_genesis_custom_post_class":"","_genesis_layout":"","jetpack_post_was_ever_published":false,"footnotes":"","_links_to":"","_links_to_target":""},"class_list":{"0":"post-5763","1":"page","2":"type-page","3":"status-publish","4":"has-post-thumbnail","6":"entry"},"acf":[],"yoast_head":"<!-- This site is optimized with the Yoast SEO plugin v25.1 - https:\/\/yoast.com\/wordpress\/plugins\/seo\/ -->\n<title>About Open Space Technology - Open Space Consulting<\/title>\n<meta name=\"description\" content=\"I am happy that I had\/took the opportunity to share knowledge about how Open Space Technology can be used wisely, to 1000&#039;s of people around the world [...]\" \/>\n<meta name=\"robots\" content=\"index, follow, max-snippet:-1, max-image-preview:large, max-video-preview:-1\" \/>\n<link rel=\"canonical\" href=\"https:\/\/openspaceconsulting.com\/en\/about-the-open-space-method\/\" \/>\n<meta property=\"og:locale\" content=\"en_US\" \/>\n<meta property=\"og:type\" content=\"article\" \/>\n<meta property=\"og:title\" content=\"About Open Space Technology - Open Space Consulting\" \/>\n<meta property=\"og:description\" content=\"I am happy that I had\/took the opportunity to share knowledge about how Open Space Technology can be used wisely, to 1000&#039;s of people around the world [...]\" \/>\n<meta property=\"og:url\" content=\"https:\/\/openspaceconsulting.com\/en\/about-the-open-space-method\/\" \/>\n<meta property=\"og:site_name\" content=\"Open Space Consulting\" \/>\n<meta property=\"article:publisher\" content=\"https:\/\/www.facebook.com\/OpenSpaceConsulting\/\" \/>\n<meta property=\"article:modified_time\" content=\"2023-06-11T16:06:59+00:00\" \/>\n<meta property=\"og:image\" content=\"https:\/\/openspaceconsulting.com\/wp-content\/uploads\/2012\/09\/Slider3.jpg\" \/>\n\t<meta property=\"og:image:width\" content=\"900\" \/>\n\t<meta property=\"og:image:height\" content=\"418\" \/>\n\t<meta property=\"og:image:type\" content=\"image\/jpeg\" \/>\n<meta name=\"twitter:card\" content=\"summary_large_image\" \/>\n<meta name=\"twitter:site\" content=\"@thomasherr\" \/>\n<meta name=\"twitter:label1\" content=\"Est. reading time\" \/>\n\t<meta name=\"twitter:data1\" content=\"4 minutes\" \/>\n<script type=\"application\/ld+json\" class=\"yoast-schema-graph\">{\"@context\":\"https:\/\/schema.org\",\"@graph\":[{\"@type\":\"WebPage\",\"@id\":\"https:\/\/openspaceconsulting.com\/en\/about-the-open-space-method\/\",\"url\":\"https:\/\/openspaceconsulting.com\/en\/about-the-open-space-method\/\",\"name\":\"About Open Space Technology - Open Space Consulting\",\"isPartOf\":{\"@id\":\"https:\/\/openspaceconsulting.com\/#website\"},\"primaryImageOfPage\":{\"@id\":\"https:\/\/openspaceconsulting.com\/en\/about-the-open-space-method\/#primaryimage\"},\"image\":{\"@id\":\"https:\/\/openspaceconsulting.com\/en\/about-the-open-space-method\/#primaryimage\"},\"thumbnailUrl\":\"https:\/\/openspaceconsulting.com\/wp-content\/uploads\/2012\/09\/Slider3.jpg\",\"datePublished\":\"2020-02-25T08:11:34+00:00\",\"dateModified\":\"2023-06-11T16:06:59+00:00\",\"description\":\"I am happy that I had\/took the opportunity to share knowledge about how Open Space Technology can be used wisely, to 1000's of people around the world [...]\",\"breadcrumb\":{\"@id\":\"https:\/\/openspaceconsulting.com\/en\/about-the-open-space-method\/#breadcrumb\"},\"inLanguage\":\"en-US\",\"potentialAction\":[{\"@type\":\"ReadAction\",\"target\":[\"https:\/\/openspaceconsulting.com\/en\/about-the-open-space-method\/\"]}]},{\"@type\":\"ImageObject\",\"inLanguage\":\"en-US\",\"@id\":\"https:\/\/openspaceconsulting.com\/en\/about-the-open-space-method\/#primaryimage\",\"url\":\"https:\/\/openspaceconsulting.com\/wp-content\/uploads\/2012\/09\/Slider3.jpg\",\"contentUrl\":\"https:\/\/openspaceconsulting.com\/wp-content\/uploads\/2012\/09\/Slider3.jpg\",\"width\":900,\"height\":418},{\"@type\":\"BreadcrumbList\",\"@id\":\"https:\/\/openspaceconsulting.com\/en\/about-the-open-space-method\/#breadcrumb\",\"itemListElement\":[{\"@type\":\"ListItem\",\"position\":1,\"name\":\"Home\",\"item\":\"https:\/\/openspaceconsulting.com\/\"},{\"@type\":\"ListItem\",\"position\":2,\"name\":\"About Open Space Technology\"}]},{\"@type\":\"WebSite\",\"@id\":\"https:\/\/openspaceconsulting.com\/#website\",\"url\":\"https:\/\/openspaceconsulting.com\/\",\"name\":\"Open Space Consulting\",\"description\":\"Open Space Consulting frig\u00f6r livskraft i m\u00e4nniska, organisation &amp; samh\u00e4lle\",\"publisher\":{\"@id\":\"https:\/\/openspaceconsulting.com\/#organization\"},\"potentialAction\":[{\"@type\":\"SearchAction\",\"target\":{\"@type\":\"EntryPoint\",\"urlTemplate\":\"https:\/\/openspaceconsulting.com\/?s={search_term_string}\"},\"query-input\":{\"@type\":\"PropertyValueSpecification\",\"valueRequired\":true,\"valueName\":\"search_term_string\"}}],\"inLanguage\":\"en-US\"},{\"@type\":\"Organization\",\"@id\":\"https:\/\/openspaceconsulting.com\/#organization\",\"name\":\"Open Space Consulting AB\",\"url\":\"https:\/\/openspaceconsulting.com\/\",\"logo\":{\"@type\":\"ImageObject\",\"inLanguage\":\"en-US\",\"@id\":\"https:\/\/openspaceconsulting.com\/#\/schema\/logo\/image\/\",\"url\":\"https:\/\/openspaceconsulting.com\/wp-content\/uploads\/2020\/02\/logga-284px.png\",\"contentUrl\":\"https:\/\/openspaceconsulting.com\/wp-content\/uploads\/2020\/02\/logga-284px.png\",\"width\":284,\"height\":284,\"caption\":\"Open Space Consulting AB\"},\"image\":{\"@id\":\"https:\/\/openspaceconsulting.com\/#\/schema\/logo\/image\/\"},\"sameAs\":[\"https:\/\/www.facebook.com\/OpenSpaceConsulting\/\",\"https:\/\/x.com\/thomasherr\",\"https:\/\/www.linkedin.com\/in\/thomasherrmannopenspaceconsult\/\",\"https:\/\/www.youtube.com\/channel\/UCmLV1KM01JiGOp6I9qk7d3g\"]}]}<\/script>\n<!-- \/ Yoast SEO plugin. -->","yoast_head_json":{"title":"About Open Space Technology - Open Space Consulting","description":"I am happy that I had\/took the opportunity to share knowledge about how Open Space Technology can be used wisely, to 1000's of people around the world [...]","robots":{"index":"index","follow":"follow","max-snippet":"max-snippet:-1","max-image-preview":"max-image-preview:large","max-video-preview":"max-video-preview:-1"},"canonical":"https:\/\/openspaceconsulting.com\/en\/about-the-open-space-method\/","og_locale":"en_US","og_type":"article","og_title":"About Open Space Technology - Open Space Consulting","og_description":"I am happy that I had\/took the opportunity to share knowledge about how Open Space Technology can be used wisely, to 1000's of people around the world [...]","og_url":"https:\/\/openspaceconsulting.com\/en\/about-the-open-space-method\/","og_site_name":"Open Space Consulting","article_publisher":"https:\/\/www.facebook.com\/OpenSpaceConsulting\/","article_modified_time":"2023-06-11T16:06:59+00:00","og_image":[{"width":900,"height":418,"url":"https:\/\/openspaceconsulting.com\/wp-content\/uploads\/2012\/09\/Slider3.jpg","type":"image\/jpeg"}],"twitter_card":"summary_large_image","twitter_site":"@thomasherr","twitter_misc":{"Est. reading time":"4 minutes"},"schema":{"@context":"https:\/\/schema.org","@graph":[{"@type":"WebPage","@id":"https:\/\/openspaceconsulting.com\/en\/about-the-open-space-method\/","url":"https:\/\/openspaceconsulting.com\/en\/about-the-open-space-method\/","name":"About Open Space Technology - Open Space Consulting","isPartOf":{"@id":"https:\/\/openspaceconsulting.com\/#website"},"primaryImageOfPage":{"@id":"https:\/\/openspaceconsulting.com\/en\/about-the-open-space-method\/#primaryimage"},"image":{"@id":"https:\/\/openspaceconsulting.com\/en\/about-the-open-space-method\/#primaryimage"},"thumbnailUrl":"https:\/\/openspaceconsulting.com\/wp-content\/uploads\/2012\/09\/Slider3.jpg","datePublished":"2020-02-25T08:11:34+00:00","dateModified":"2023-06-11T16:06:59+00:00","description":"I am happy that I had\/took the opportunity to share knowledge about how Open Space Technology can be used wisely, to 1000's of people around the world [...]","breadcrumb":{"@id":"https:\/\/openspaceconsulting.com\/en\/about-the-open-space-method\/#breadcrumb"},"inLanguage":"en-US","potentialAction":[{"@type":"ReadAction","target":["https:\/\/openspaceconsulting.com\/en\/about-the-open-space-method\/"]}]},{"@type":"ImageObject","inLanguage":"en-US","@id":"https:\/\/openspaceconsulting.com\/en\/about-the-open-space-method\/#primaryimage","url":"https:\/\/openspaceconsulting.com\/wp-content\/uploads\/2012\/09\/Slider3.jpg","contentUrl":"https:\/\/openspaceconsulting.com\/wp-content\/uploads\/2012\/09\/Slider3.jpg","width":900,"height":418},{"@type":"BreadcrumbList","@id":"https:\/\/openspaceconsulting.com\/en\/about-the-open-space-method\/#breadcrumb","itemListElement":[{"@type":"ListItem","position":1,"name":"Home","item":"https:\/\/openspaceconsulting.com\/"},{"@type":"ListItem","position":2,"name":"About Open Space Technology"}]},{"@type":"WebSite","@id":"https:\/\/openspaceconsulting.com\/#website","url":"https:\/\/openspaceconsulting.com\/","name":"Open Space Consulting","description":"Open Space Consulting frig\u00f6r livskraft i m\u00e4nniska, organisation &amp; samh\u00e4lle","publisher":{"@id":"https:\/\/openspaceconsulting.com\/#organization"},"potentialAction":[{"@type":"SearchAction","target":{"@type":"EntryPoint","urlTemplate":"https:\/\/openspaceconsulting.com\/?s={search_term_string}"},"query-input":{"@type":"PropertyValueSpecification","valueRequired":true,"valueName":"search_term_string"}}],"inLanguage":"en-US"},{"@type":"Organization","@id":"https:\/\/openspaceconsulting.com\/#organization","name":"Open Space Consulting AB","url":"https:\/\/openspaceconsulting.com\/","logo":{"@type":"ImageObject","inLanguage":"en-US","@id":"https:\/\/openspaceconsulting.com\/#\/schema\/logo\/image\/","url":"https:\/\/openspaceconsulting.com\/wp-content\/uploads\/2020\/02\/logga-284px.png","contentUrl":"https:\/\/openspaceconsulting.com\/wp-content\/uploads\/2020\/02\/logga-284px.png","width":284,"height":284,"caption":"Open Space Consulting AB"},"image":{"@id":"https:\/\/openspaceconsulting.com\/#\/schema\/logo\/image\/"},"sameAs":["https:\/\/www.facebook.com\/OpenSpaceConsulting\/","https:\/\/x.com\/thomasherr","https:\/\/www.linkedin.com\/in\/thomasherrmannopenspaceconsult\/","https:\/\/www.youtube.com\/channel\/UCmLV1KM01JiGOp6I9qk7d3g"]}]}},"jetpack_sharing_enabled":true,"_links":{"self":[{"href":"https:\/\/openspaceconsulting.com\/en\/wp-json\/wp\/v2\/pages\/5763","targetHints":{"allow":["GET"]}}],"collection":[{"href":"https:\/\/openspaceconsulting.com\/en\/wp-json\/wp\/v2\/pages"}],"about":[{"href":"https:\/\/openspaceconsulting.com\/en\/wp-json\/wp\/v2\/types\/page"}],"author":[{"embeddable":true,"href":"https:\/\/openspaceconsulting.com\/en\/wp-json\/wp\/v2\/users\/1"}],"replies":[{"embeddable":true,"href":"https:\/\/openspaceconsulting.com\/en\/wp-json\/wp\/v2\/comments?post=5763"}],"version-history":[{"count":5,"href":"https:\/\/openspaceconsulting.com\/en\/wp-json\/wp\/v2\/pages\/5763\/revisions"}],"predecessor-version":[{"id":7184,"href":"https:\/\/openspaceconsulting.com\/en\/wp-json\/wp\/v2\/pages\/5763\/revisions\/7184"}],"wp:featuredmedia":[{"embeddable":true,"href":"https:\/\/openspaceconsulting.com\/en\/wp-json\/wp\/v2\/media\/5329"}],"wp:attachment":[{"href":"https:\/\/openspaceconsulting.com\/en\/wp-json\/wp\/v2\/media?parent=5763"}],"curies":[{"name":"wp","href":"https:\/\/api.w.org\/{rel}","templated":true}]}}